{"id":1182,"date":"2025-09-11T02:11:43","date_gmt":"2025-09-11T02:11:43","guid":{"rendered":"https:\/\/pupunja.rs\/?post_type=product&#038;p=1182"},"modified":"2025-10-23T01:35:19","modified_gmt":"2025-10-23T01:35:19","slug":"dog-comets-hale-bopp-with-rope-green","status":"publish","type":"product","link":"https:\/\/pupunja.rs\/sr\/\u043f\u0440\u043e\u0438\u0437\u0432\u043e\u0434\/dog-comets-hale-bopp-with-rope-green\/","title":{"rendered":"Dog Comets Hale Bopp Lopta sa Konopcem Zelena"},"content":{"rendered":"<h3>Za i protiv<\/h3>\n<div class=\"points\">\n<div class=\"point\"><img decoding=\"async\" src=\"data:image\/svg+xml;base64,PHN2ZyB3aWR0aD0iMTYiIGhlaWdodD0iMTYiIHZpZXdCb3g9IjAgMCAxNiAxNiIgZmlsbD0ibm9uZSIgeG1sbnM9Imh0dHA6Ly93d3cudzMub3JnLzIwMDAvc3ZnIj4KICAgIDxwYXRoIGQ9Ik04IDBDMy41ODQgMCAwIDMuNTg0IDAgOEMwIDEyLjQxNiAzLjU4NCAxNiA4IDE2QzEyLjQxNiAxNiAxNiAxMi40MTYgMTYgOEMxNiAzLjU4NCAxMi40MTYgMCA4IDBaTTEyIDguOEg4LjhWMTJINy4yVjguOEg0VjcuMkg3LjJWNEg4LjhWNy4ySDEyVjguOFoiIGZpbGw9IiMzMjY3MzQiLz4KPC9zdmc+Cg==\" \/>100% prirodna, izdr\u017eljiva guma<\/div>\n<div class=\"point\"><img decoding=\"async\" src=\"data:image\/svg+xml;base64,PHN2ZyB3aWR0aD0iMTYiIGhlaWdodD0iMTYiIHZpZXdCb3g9IjAgMCAxNiAxNiIgZmlsbD0ibm9uZSIgeG1sbnM9Imh0dHA6Ly93d3cudzMub3JnLzIwMDAvc3ZnIj4KICAgIDxwYXRoIGQ9Ik04IDBDMy41ODQgMCAwIDMuNTg0IDAgOEMwIDEyLjQxNiAzLjU4NCAxNiA4IDE2QzEyLjQxNiAxNiAxNiAxMi40MTYgMTYgOEMxNiAzLjU4NCAxMi40MTYgMCA4IDBaTTEyIDguOEg4LjhWMTJINy4yVjguOEg0VjcuMkg3LjJWNEg4LjhWNy4ySDEyVjguOFoiIGZpbGw9IiMzMjY3MzQiLz4KPC9zdmc+Cg==\" \/>Poma\u017ee u \u010di\u0161c\u0301enju zuba<\/div>\n<div class=\"point\"><img decoding=\"async\" src=\"data:image\/svg+xml;base64,PHN2ZyB3aWR0aD0iMTYiIGhlaWdodD0iMTYiIHZpZXdCb3g9IjAgMCAxNiAxNiIgZmlsbD0ibm9uZSIgeG1sbnM9Imh0dHA6Ly93d3cudzMub3JnLzIwMDAvc3ZnIj4KICAgIDxwYXRoIGQ9Ik04IDBDMy41ODQgMCAwIDMuNTg0IDAgOEMwIDEyLjQxNiAzLjU4NCAxNiA4IDE2QzEyLjQxNiAxNiAxNiAxMi40MTYgMTYgOEMxNiAzLjU4NCAxMi40MTYgMCA4IDBaTTEyIDguOEg4LjhWMTJINy4yVjguOEg0VjcuMkg3LjJWNEg4LjhWNy4ySDEyVjguOFoiIGZpbGw9IiMzMjY3MzQiLz4KPC9zdmc+Cg==\" \/>Odli\u010dno odska\u010de<\/div>\n<div class=\"point\"><img decoding=\"async\" src=\"data:image\/svg+xml;base64,PHN2ZyB3aWR0aD0iMTYiIGhlaWdodD0iMTYiIHZpZXdCb3g9IjAgMCAxNiAxNiIgZmlsbD0ibm9uZSIgeG1sbnM9Imh0dHA6Ly93d3cudzMub3JnLzIwMDAvc3ZnIj4KICAgIDxwYXRoIGQ9Ik04IDBDMy41ODQgMCAwIDMuNTg0IDAgOEMwIDEyLjQxNiAzLjU4NCAxNiA4IDE2QzEyLjQxNiAxNiAxNiAxMi40MTYgMTYgOEMxNiAzLjU4NCAxMi40MTYgMCA4IDBaTTEyIDguOEg4LjhWMTJINy4yVjguOEg0VjcuMkg3LjJWNEg4LjhWNy4ySDEyVjguOFoiIGZpbGw9IiMzMjY3MzQiLz4KPC9zdmc+Cg==\" \/>Dostupno sa i bez u\u017eeta<\/div>\n<\/div>\n<div class=\"product-description\">\n<h2>Dog Comets gumena lopta za igru sa ili bez konopca<\/h2>\n<p>Lopte Swift Tuttle, Halley i Hale Bopp su nazvane po poznatim kometama i pru\u017eaju maksimalnu zabavu pri dono\u0161enju! Poseban dizajn sa \u017elebovima omoguc\u0301ava psima da lak\u0161e di\u0161u kada imaju loptu u ustima. Zahvaljujuc\u0301i tome, psi mogu du\u017ee da donose! \u017dlebovi tako\u0111e poma\u017eu u \u010di\u0161c\u0301enju zuba i masa\u017ei desni.<\/p>\n<p>Napravljene od 100% prirodne gume, ove loptice su izuzetno jake i izdr\u017eljive, savr\u0161eno odska\u010du i lako se \u010diste ispiranjem vodom.<\/p>\n<p>Varijante sa konopcem se lako bacaju daleko i tako\u0111e su savr\u0161ene za nadvla\u010denje konopca.<\/p>\n<h3>Veli\u010dina<\/h3>\n<p>Without rope: 6 cm<\/p>\n<h3>Related products<\/h3>\n<p><strong><a href=\"https:\/\/webshop.hofmananimalcare.nl\/en\/product\/dog-comets-star-launcher-green\">Dog Comets Star Launcher<\/a><\/strong><\/p>\n<\/div>","protected":false},"excerpt":{"rendered":"<p>Izdr\u017eljiva lopta za igru sa prakti\u010dnim \u017elebovima koji olak\u0161avaju disanje prilikom dono\u0161enja!<\/p>","protected":false},"featured_media":1183,"comment_status":"open","ping_status":"closed","template":"","meta":[],"product_brand":[99],"product_cat":[78],"product_tag":[100],"class_list":{"0":"post-1182","1":"product","2":"type-product","3":"status-publish","4":"has-post-thumbnail","6":"product_brand-dog-comets","7":"product_cat-pet-toy","8":"product_tag-ball","9":"pa_color-green","11":"first","12":"instock","13":"sale","14":"shipping-taxable","15":"purchasable","16":"product-type-simple"},"_links":{"self":[{"href":"https:\/\/pupunja.rs\/sr\/wp-json\/wp\/v2\/product\/1182","targetHints":{"allow":["GET"]}}],"collection":[{"href":"https:\/\/pupunja.rs\/sr\/wp-json\/wp\/v2\/product"}],"about":[{"href":"https:\/\/pupunja.rs\/sr\/wp-json\/wp\/v2\/types\/product"}],"replies":[{"embeddable":true,"href":"https:\/\/pupunja.rs\/sr\/wp-json\/wp\/v2\/comments?post=1182"}],"wp:featuredmedia":[{"embeddable":true,"href":"https:\/\/pupunja.rs\/sr\/wp-json\/wp\/v2\/media\/1183"}],"wp:attachment":[{"href":"https:\/\/pupunja.rs\/sr\/wp-json\/wp\/v2\/media?parent=1182"}],"wp:term":[{"taxonomy":"product_brand","embeddable":true,"href":"https:\/\/pupunja.rs\/sr\/wp-json\/wp\/v2\/product_brand?post=1182"},{"taxonomy":"product_cat","embeddable":true,"href":"https:\/\/pupunja.rs\/sr\/wp-json\/wp\/v2\/product_cat?post=1182"},{"taxonomy":"product_tag","embeddable":true,"href":"https:\/\/pupunja.rs\/sr\/wp-json\/wp\/v2\/product_tag?post=1182"}],"curies":[{"name":"wp","href":"https:\/\/api.w.org\/{rel}","templated":true}]}}