{"id":1193,"date":"2025-09-11T02:58:05","date_gmt":"2025-09-11T02:58:05","guid":{"rendered":"https:\/\/pupunja.rs\/?post_type=product&#038;p=1193"},"modified":"2025-10-23T17:52:43","modified_gmt":"2025-10-23T17:52:43","slug":"dog-comets-asteroid-fetch-stick-orange","status":"publish","type":"product","link":"https:\/\/pupunja.rs\/sr\/\u043f\u0440\u043e\u0438\u0437\u0432\u043e\u0434\/dog-comets-asteroid-fetch-stick-orange\/","title":{"rendered":"Dog Comets Asteroid \u0160tap za dono\u0161enje Narand\u017easti"},"content":{"rendered":"<h3>Za i protiv<\/h3>\n<div class=\"points\">\n<div class=\"point\"><img decoding=\"async\" src=\"data:image\/svg+xml;base64,PHN2ZyB3aWR0aD0iMTYiIGhlaWdodD0iMTYiIHZpZXdCb3g9IjAgMCAxNiAxNiIgZmlsbD0ibm9uZSIgeG1sbnM9Imh0dHA6Ly93d3cudzMub3JnLzIwMDAvc3ZnIj4KICAgIDxwYXRoIGQ9Ik04IDBDMy41ODQgMCAwIDMuNTg0IDAgOEMwIDEyLjQxNiAzLjU4NCAxNiA4IDE2QzEyLjQxNiAxNiAxNiAxMi40MTYgMTYgOEMxNiAzLjU4NCAxMi40MTYgMCA4IDBaTTEyIDguOEg4LjhWMTJINy4yVjguOEg0VjcuMkg3LjJWNEg4LjhWNy4ySDEyVjguOFoiIGZpbGw9IiMzMjY3MzQiLz4KPC9zdmc+Cg==\" \/>\u017dlebovi \u010diste zube<\/div>\n<div class=\"point\"><img decoding=\"async\" src=\"data:image\/svg+xml;base64,PHN2ZyB3aWR0aD0iMTYiIGhlaWdodD0iMTYiIHZpZXdCb3g9IjAgMCAxNiAxNiIgZmlsbD0ibm9uZSIgeG1sbnM9Imh0dHA6Ly93d3cudzMub3JnLzIwMDAvc3ZnIj4KICAgIDxwYXRoIGQ9Ik04IDBDMy41ODQgMCAwIDMuNTg0IDAgOEMwIDEyLjQxNiAzLjU4NCAxNiA4IDE2QzEyLjQxNiAxNiAxNiAxMi40MTYgMTYgOEMxNiAzLjU4NCAxMi40MTYgMCA4IDBaTTEyIDguOEg4LjhWMTJINy4yVjguOEg0VjcuMkg3LjJWNEg4LjhWNy4ySDEyVjguOFoiIGZpbGw9IiMzMjY3MzQiLz4KPC9zdmc+Cg==\" \/>Odli\u010dno odska\u010de<\/div>\n<div class=\"point\"><img decoding=\"async\" src=\"data:image\/svg+xml;base64,PHN2ZyB3aWR0aD0iMTYiIGhlaWdodD0iMTYiIHZpZXdCb3g9IjAgMCAxNiAxNiIgZmlsbD0ibm9uZSIgeG1sbnM9Imh0dHA6Ly93d3cudzMub3JnLzIwMDAvc3ZnIj4KICAgIDxwYXRoIGQ9Ik04IDBDMy41ODQgMCAwIDMuNTg0IDAgOEMwIDEyLjQxNiAzLjU4NCAxNiA4IDE2QzEyLjQxNiAxNiAxNiAxMi40MTYgMTYgOEMxNiAzLjU4NCAxMi40MTYgMCA4IDBaTTEyIDguOEg4LjhWMTJINy4yVjguOEg0VjcuMkg3LjJWNEg4LjhWNy4ySDEyVjguOFoiIGZpbGw9IiMzMjY3MzQiLz4KPC9zdmc+Cg==\" \/>Pluta na vodi<\/div>\n<div class=\"point\"><img decoding=\"async\" src=\"data:image\/svg+xml;base64,PHN2ZyB3aWR0aD0iMTYiIGhlaWdodD0iMTYiIHZpZXdCb3g9IjAgMCAxNiAxNiIgZmlsbD0ibm9uZSIgeG1sbnM9Imh0dHA6Ly93d3cudzMub3JnLzIwMDAvc3ZnIj4KICAgIDxwYXRoIGQ9Ik04IDBDMy41ODQgMCAwIDMuNTg0IDAgOEMwIDEyLjQxNiAzLjU4NCAxNiA4IDE2QzEyLjQxNiAxNiAxNiAxMi40MTYgMTYgOEMxNiAzLjU4NCAxMi40MTYgMCA4IDBaTTEyIDguOEg4LjhWMTJINy4yVjguOEg0VjcuMkg3LjJWNEg4LjhWNy4ySDEyVjguOFoiIGZpbGw9IiMzMjY3MzQiLz4KPC9zdmc+Cg==\" \/>Sa pi\u0161talicom za dodatnu zabavu<\/div>\n<\/div>\n<div class=\"product-description\">\n<p>Asteroid \u201ePsec\u0301e komete\u201c c\u0301e vam obezbediti sate zabave! Da li va\u0161 pas voli da tr\u010di i donosi? Bacite \u0161tap za dono\u0161enje, pustite psa da tr\u010di za njim i vratite ga. Da li va\u0161 pas voli vodu? Zatim koristite \u0161tap za dono\u0161enje u i oko vode. \u0160tap za dono\u0161enje pluta, \u0161to va\u0161em psu olak\u0161ava da ga prona\u0111e u vodi. Da li va\u0161 pas najvi\u0161e voli igre navla\u010denja konopca? Zahvaljujuc\u0301i krajevima od penaste gume, va\u0161 pas ima dobar hvat. Pi\u0161taljka u sredini pru\u017ea dodatnu zabavu tokom igre. Ne brinite da c\u0301ete izgubiti \u0161tap za dono\u0161enje; njegove jarke boje ga \u010dine jo\u0161 upe\u010datljivijim.<\/p>\n<h3><\/h3>\n<h3>Du\u017eina<\/h3>\n<ul>\n<li>S: 24 cm<\/li>\n<li>L: 31 cm<\/li>\n<\/ul>\n<\/div>","protected":false},"excerpt":{"rendered":"<p>Izdr\u017eljiv gumeni \u0161tap za dono\u0161enje koji pluta na vodi!<\/p>","protected":false},"featured_media":1194,"comment_status":"open","ping_status":"closed","template":"","meta":[],"product_brand":[99],"product_cat":[78],"product_tag":[103],"class_list":{"0":"post-1193","1":"product","2":"type-product","3":"status-publish","4":"has-post-thumbnail","6":"product_brand-dog-comets","7":"product_cat-pet-toy","8":"product_tag-stick","9":"pa_color-orange","10":"pa_size-size-s","12":"first","13":"instock","14":"sale","15":"shipping-taxable","16":"purchasable","17":"product-type-variable"},"_links":{"self":[{"href":"https:\/\/pupunja.rs\/sr\/wp-json\/wp\/v2\/product\/1193","targetHints":{"allow":["GET"]}}],"collection":[{"href":"https:\/\/pupunja.rs\/sr\/wp-json\/wp\/v2\/product"}],"about":[{"href":"https:\/\/pupunja.rs\/sr\/wp-json\/wp\/v2\/types\/product"}],"replies":[{"embeddable":true,"href":"https:\/\/pupunja.rs\/sr\/wp-json\/wp\/v2\/comments?post=1193"}],"wp:featuredmedia":[{"embeddable":true,"href":"https:\/\/pupunja.rs\/sr\/wp-json\/wp\/v2\/media\/1194"}],"wp:attachment":[{"href":"https:\/\/pupunja.rs\/sr\/wp-json\/wp\/v2\/media?parent=1193"}],"wp:term":[{"taxonomy":"product_brand","embeddable":true,"href":"https:\/\/pupunja.rs\/sr\/wp-json\/wp\/v2\/product_brand?post=1193"},{"taxonomy":"product_cat","embeddable":true,"href":"https:\/\/pupunja.rs\/sr\/wp-json\/wp\/v2\/product_cat?post=1193"},{"taxonomy":"product_tag","embeddable":true,"href":"https:\/\/pupunja.rs\/sr\/wp-json\/wp\/v2\/product_tag?post=1193"}],"curies":[{"name":"wp","href":"https:\/\/api.w.org\/{rel}","templated":true}]}}