{"id":1215,"date":"2025-09-11T03:51:45","date_gmt":"2025-09-11T03:51:45","guid":{"rendered":"https:\/\/pupunja.rs\/?post_type=product&#038;p=1215"},"modified":"2025-10-23T17:17:47","modified_gmt":"2025-10-23T17:17:47","slug":"dog-comets-pan-stars-orange","status":"publish","type":"product","link":"https:\/\/pupunja.rs\/sr\/\u043f\u0440\u043e\u0438\u0437\u0432\u043e\u0434\/dog-comets-pan-stars-orange\/","title":{"rendered":"Dog Comets Pan-Stars Narand\u017easta"},"content":{"rendered":"<p><strong>Dog Comets Pan-Stars<br \/>\n<\/strong>Jednostavno neodoljivo! Puca u svim pravcima kada va\u0161 pas poku\u0161a da je uhvati. Idealno za upotrebu u plitkoj vodi.<\/p>\n<p><strong>Vi\u0161e od 1.000.000 svetlosnih godina daleko, u spoljnim uglovima univerzuma, pojavila se ova kometa kako bi va\u0161em psu pru\u017eila maksimalnu zabavu u dono\u0161enju.<br \/>\n<\/strong><br \/>\n\u2022 Puca u svim pravcima<br \/>\n\u2022 Plutaju<br \/>\n\u2022 Izdr\u017eljiv<\/p>\n<p><strong>Prednosti<\/strong><\/p>\n<ul>\n<li>Izuzetno izdr\u017eljiv<\/li>\n<li>Gotovo neuni\u0161tivo<\/li>\n<li>Ne podle\u017ee vremenskim uslovima (toplo\/hladno)<\/li>\n<li>Ocena od 5 zvezdica na skoro svakom .com tr\u017ei\u0161tu<\/li>\n<li>Te\u017eina (20 cm): pribli\u017eno 176 g<\/li>\n<li>Te\u017eina pri veli\u010dini od 30 cm: pribli\u017eno 452 g<\/li>\n<\/ul>\n<p><strong>\u010cesto kopiran, ali neuporediv.<\/strong><\/p>\n<p><strong>Veli\u010dina<\/strong><br \/>\nCOME024: Medium<br \/>\nCOME025: Large<\/p>","protected":false},"excerpt":{"rendered":"<p>Jednostavno neodoljivo! Puca u svim pravcima kada va\u0161 pas poku\u0161a da ga zgrabi.<\/p>","protected":false},"featured_media":1219,"comment_status":"open","ping_status":"closed","template":"","meta":[],"product_brand":[99],"product_cat":[78],"product_tag":[102],"class_list":{"0":"post-1215","1":"product","2":"type-product","3":"status-publish","4":"has-post-thumbnail","6":"product_brand-dog-comets","7":"product_cat-pet-toy","8":"product_tag-egg","9":"pa_color-orange","10":"pa_size-size-l","11":"pa_size-size-m","13":"first","14":"instock","15":"sale","16":"featured","17":"shipping-taxable","18":"purchasable","19":"product-type-variable"},"_links":{"self":[{"href":"https:\/\/pupunja.rs\/sr\/wp-json\/wp\/v2\/product\/1215","targetHints":{"allow":["GET"]}}],"collection":[{"href":"https:\/\/pupunja.rs\/sr\/wp-json\/wp\/v2\/product"}],"about":[{"href":"https:\/\/pupunja.rs\/sr\/wp-json\/wp\/v2\/types\/product"}],"replies":[{"embeddable":true,"href":"https:\/\/pupunja.rs\/sr\/wp-json\/wp\/v2\/comments?post=1215"}],"wp:featuredmedia":[{"embeddable":true,"href":"https:\/\/pupunja.rs\/sr\/wp-json\/wp\/v2\/media\/1219"}],"wp:attachment":[{"href":"https:\/\/pupunja.rs\/sr\/wp-json\/wp\/v2\/media?parent=1215"}],"wp:term":[{"taxonomy":"product_brand","embeddable":true,"href":"https:\/\/pupunja.rs\/sr\/wp-json\/wp\/v2\/product_brand?post=1215"},{"taxonomy":"product_cat","embeddable":true,"href":"https:\/\/pupunja.rs\/sr\/wp-json\/wp\/v2\/product_cat?post=1215"},{"taxonomy":"product_tag","embeddable":true,"href":"https:\/\/pupunja.rs\/sr\/wp-json\/wp\/v2\/product_tag?post=1215"}],"curies":[{"name":"wp","href":"https:\/\/api.w.org\/{rel}","templated":true}]}}