{"id":1229,"date":"2025-09-12T03:38:49","date_gmt":"2025-09-12T03:38:49","guid":{"rendered":"https:\/\/pupunja.rs\/?post_type=product&#038;p=1229"},"modified":"2025-10-23T01:29:52","modified_gmt":"2025-10-23T01:29:52","slug":"dog-comets-launcher-orange-m","status":"publish","type":"product","link":"https:\/\/pupunja.rs\/sr\/\u043f\u0440\u043e\u0438\u0437\u0432\u043e\u0434\/dog-comets-launcher-orange-m\/","title":{"rendered":"\u041b\u0430\u043d\u0441\u0435\u0440 \u043a\u043e\u043c\u0435\u0442\u0430 \u0437\u0430 \u043f\u0441\u0435, \u043d\u0430\u0440\u0430\u043d\u045f\u0430\u0441\u0442\u0438, \u0432\u0435\u043b\u0438\u0447\u0438\u043d\u0430 M"},"content":{"rendered":"<h3>Za i protiv<\/h3>\n<div class=\"points\">\n<div class=\"point\"><img decoding=\"async\" src=\"data:image\/svg+xml;base64,PHN2ZyB3aWR0aD0iMTYiIGhlaWdodD0iMTYiIHZpZXdCb3g9IjAgMCAxNiAxNiIgZmlsbD0ibm9uZSIgeG1sbnM9Imh0dHA6Ly93d3cudzMub3JnLzIwMDAvc3ZnIj4KICAgIDxwYXRoIGQ9Ik04IDBDMy41ODQgMCAwIDMuNTg0IDAgOEMwIDEyLjQxNiAzLjU4NCAxNiA4IDE2QzEyLjQxNiAxNiAxNiAxMi40MTYgMTYgOEMxNiAzLjU4NCAxMi40MTYgMCA4IDBaTTEyIDguOEg4LjhWMTJINy4yVjguOEg0VjcuMkg3LjJWNEg4LjhWNy4ySDEyVjguOFoiIGZpbGw9IiMzMjY3MzQiLz4KPC9zdmc+Cg==\" \/>Baca lopte do 3 puta dalje<\/div>\n<div class=\"point\"><img decoding=\"async\" src=\"data:image\/svg+xml;base64,PHN2ZyB3aWR0aD0iMTYiIGhlaWdodD0iMTYiIHZpZXdCb3g9IjAgMCAxNiAxNiIgZmlsbD0ibm9uZSIgeG1sbnM9Imh0dHA6Ly93d3cudzMub3JnLzIwMDAvc3ZnIj4KICAgIDxwYXRoIGQ9Ik04IDBDMy41ODQgMCAwIDMuNTg0IDAgOEMwIDEyLjQxNiAzLjU4NCAxNiA4IDE2QzEyLjQxNiAxNiAxNiAxMi40MTYgMTYgOEMxNiAzLjU4NCAxMi40MTYgMCA4IDBaTTEyIDguOEg4LjhWMTJINy4yVjguOEg0VjcuMkg3LjJWNEg4LjhWNy4ySDEyVjguOFoiIGZpbGw9IiMzMjY3MzQiLz4KPC9zdmc+Cg==\" \/>Izuzetno jak i izdr\u017eljiv<\/div>\n<div class=\"point\"><img decoding=\"async\" src=\"data:image\/svg+xml;base64,PHN2ZyB3aWR0aD0iMTYiIGhlaWdodD0iMTYiIHZpZXdCb3g9IjAgMCAxNiAxNiIgZmlsbD0ibm9uZSIgeG1sbnM9Imh0dHA6Ly93d3cudzMub3JnLzIwMDAvc3ZnIj4KICAgIDxwYXRoIGQ9Ik04IDBDMy41ODQgMCAwIDMuNTg0IDAgOEMwIDEyLjQxNiAzLjU4NCAxNiA4IDE2QzEyLjQxNiAxNiAxNiAxMi40MTYgMTYgOEMxNiAzLjU4NCAxMi40MTYgMCA4IDBaTTEyIDguOEg4LjhWMTJINy4yVjguOEg0VjcuMkg3LjJWNEg4LjhWNy4ySDEyVjguOFoiIGZpbGw9IiMzMjY3MzQiLz4KPC9zdmc+Cg==\" \/>Ergonomska ru\u010dka<\/div>\n<div class=\"point\"><img decoding=\"async\" src=\"data:image\/svg+xml;base64,PHN2ZyB3aWR0aD0iMTYiIGhlaWdodD0iMTYiIHZpZXdCb3g9IjAgMCAxNiAxNiIgZmlsbD0ibm9uZSIgeG1sbnM9Imh0dHA6Ly93d3cudzMub3JnLzIwMDAvc3ZnIj4KICAgIDxwYXRoIGQ9Ik04IDBDMy41ODQgMCAwIDMuNTg0IDAgOEMwIDEyLjQxNiAzLjU4NCAxNiA4IDE2QzEyLjQxNiAxNiAxNiAxMi40MTYgMTYgOEMxNiAzLjU4NCAxMi40MTYgMCA4IDBaTTEyIDguOEg4LjhWMTJINy4yVjguOEg0VjcuMkg3LjJWNEg4LjhWNy4ySDEyVjguOFoiIGZpbGw9IiMzMjY3MzQiLz4KPC9zdmc+Cg==\" \/>Podignite loptice bez prljanja ruku<\/div>\n<div class=\"point\"><img decoding=\"async\" src=\"data:image\/svg+xml;base64,PHN2ZyB3aWR0aD0iMTYiIGhlaWdodD0iMTYiIHZpZXdCb3g9IjAgMCAxNiAxNiIgZmlsbD0ibm9uZSIgeG1sbnM9Imh0dHA6Ly93d3cudzMub3JnLzIwMDAvc3ZnIj4KICAgIDxwYXRoIGQ9Ik04IDBDMy41ODQgMCAwIDMuNTg0IDAgOEMwIDEyLjQxNiAzLjU4NCAxNiA4IDE2QzEyLjQxNiAxNiAxNiAxMi40MTYgMTYgOEMxNiAzLjU4NCAxMi40MTYgMCA4IDBaTTEyIDguOEg4LjhWMTJINy4yVjguOEg0VjcuMkg3LjJWNEg4LjhWNy4ySDEyVjguOFoiIGZpbGw9IiMzMjY3MzQiLz4KPC9zdmc+Cg==\" \/>Uklju\u010duje narukvicu i tenisku lopticu Dog Comets<\/div>\n<\/div>\n<div class=\"product-description\">\n<h2>Dog Comets Baca\u010d: me\u0111ugalakti\u010dki baca\u010d lopti<\/h2>\n<p>Spremite se za me\u0111ugalakti\u010dku avanturu sa ovim vrhunskim baca\u010dem teniskih loptica! Ovaj baca\u010d c\u0301e naterati va\u0161eg psa da tr\u010di i ska\u010de sa vi\u0161e entuzijazma nego ikad pre. Jednim bacanjem, mo\u017eete bez napora poslati lopticu da leti metrima daleko, \u010dak i do tri puta dalje nego sa standardnim baca\u010dem. Idealan je za odr\u017eavanje zdravlja i forme pasa! Baca\u010d je napravljen od \u010dvrstog i izdr\u017eljivog materijala, \u0161to osigurava da c\u0301e trajati godinama. Zahvaljujuc\u0301i svom prakti\u010dnom obliku, loptice se lako mogu podic\u0301i sa zemlje i odmah ponovo baciti. Uklju\u010duje tenisku lopticu Dog Comets.<\/p>\n<h3>Du\u017eina<\/h3>\n<p>48 cm<\/p>\n<h3>Koristiti u kombinaciji sa:<\/h3>\n<p><strong>Dog Comets Stardust balls (size M)<\/strong><\/p>\n<\/div>","protected":false},"excerpt":{"rendered":"<p>Intergalakti\u010dka zabava dono\u0161enja za aktivne pse i njihove vlasnike!<\/p>","protected":false},"featured_media":1233,"comment_status":"open","ping_status":"closed","template":"","meta":[],"product_brand":[99],"product_cat":[78],"product_tag":[101],"class_list":{"0":"post-1229","1":"product","2":"type-product","3":"status-publish","4":"has-post-thumbnail","6":"product_brand-dog-comets","7":"product_cat-pet-toy","8":"product_tag-launcher","9":"pa_color-orange","10":"pa_size-size-m","12":"first","13":"instock","14":"sale","15":"shipping-taxable","16":"purchasable","17":"product-type-simple"},"_links":{"self":[{"href":"https:\/\/pupunja.rs\/sr\/wp-json\/wp\/v2\/product\/1229","targetHints":{"allow":["GET"]}}],"collection":[{"href":"https:\/\/pupunja.rs\/sr\/wp-json\/wp\/v2\/product"}],"about":[{"href":"https:\/\/pupunja.rs\/sr\/wp-json\/wp\/v2\/types\/product"}],"replies":[{"embeddable":true,"href":"https:\/\/pupunja.rs\/sr\/wp-json\/wp\/v2\/comments?post=1229"}],"wp:featuredmedia":[{"embeddable":true,"href":"https:\/\/pupunja.rs\/sr\/wp-json\/wp\/v2\/media\/1233"}],"wp:attachment":[{"href":"https:\/\/pupunja.rs\/sr\/wp-json\/wp\/v2\/media?parent=1229"}],"wp:term":[{"taxonomy":"product_brand","embeddable":true,"href":"https:\/\/pupunja.rs\/sr\/wp-json\/wp\/v2\/product_brand?post=1229"},{"taxonomy":"product_cat","embeddable":true,"href":"https:\/\/pupunja.rs\/sr\/wp-json\/wp\/v2\/product_cat?post=1229"},{"taxonomy":"product_tag","embeddable":true,"href":"https:\/\/pupunja.rs\/sr\/wp-json\/wp\/v2\/product_tag?post=1229"}],"curies":[{"name":"wp","href":"https:\/\/api.w.org\/{rel}","templated":true}]}}