{"id":1234,"date":"2025-09-12T03:43:52","date_gmt":"2025-09-12T03:43:52","guid":{"rendered":"https:\/\/pupunja.rs\/?post_type=product&#038;p=1234"},"modified":"2025-10-25T01:30:53","modified_gmt":"2025-10-25T01:30:53","slug":"dog-comets-orion-green","status":"publish","type":"product","link":"https:\/\/pupunja.rs\/sr\/\u043f\u0440\u043e\u0438\u0437\u0432\u043e\u0434\/dog-comets-orion-green\/","title":{"rendered":"Dog Comets Orion Zelena"},"content":{"rendered":"<p><iframe title=\"Dog Comets - Orion\" width=\"500\" height=\"281\" src=\"https:\/\/www.youtube.com\/embed\/Xdxxna3UZVU?feature=oembed\" frameborder=\"0\" allow=\"accelerometer; autoplay; clipboard-write; encrypted-media; gyroscope; picture-in-picture; web-share\" referrerpolicy=\"strict-origin-when-cross-origin\" allowfullscreen><\/iframe><\/p>\n<h2>Dog Comets Orion<\/h2>\n<p>Ova lutka je napravljena od prirodne gume i odli\u010dna je za igre dono\u0161enja. Unutra\u0161njost je ispunjena vazduhom, tako da lutka pluta na vodi. Zahvaljujuc\u0301i reflektujuc\u0301em koncu, ovu lutku je lako videti i pronac\u0301i, \u010dak i u mraku.<\/p>\n<p>Zahvaljujuc\u0301i konopcu, lutka se mo\u017ee baciti daleko, tako da zabava mo\u017ee da se nastavi beskrajno.<\/p>\n<p>Pogodno i za male i za velike pse.<\/p>\n<ul>\n<li>Za igre na kopnu i u vodi<\/li>\n<li>Pluta na vodi<\/li>\n<li>Savr\u0161eno vidljivo<\/li>\n<li>Garancija za Dog Comets<\/li>\n<\/ul>\n<p><strong>Veli\u010dina<\/strong><\/p>\n<p>20 x 4 x 4 cm<\/p>","protected":false},"excerpt":{"rendered":"<p>Igra\u010dka za aportiranje za beskrajnu zabavu u igri!<\/p>","protected":false},"featured_media":1236,"comment_status":"open","ping_status":"closed","template":"","meta":[],"product_brand":[99],"product_cat":[78],"product_tag":[103],"class_list":{"0":"post-1234","1":"product","2":"type-product","3":"status-publish","4":"has-post-thumbnail","6":"product_brand-dog-comets","7":"product_cat-pet-toy","8":"product_tag-stick","9":"pa_color-green","10":"pa_size-one-size","12":"first","13":"instock","14":"sale","15":"shipping-taxable","16":"purchasable","17":"product-type-simple"},"_links":{"self":[{"href":"https:\/\/pupunja.rs\/sr\/wp-json\/wp\/v2\/product\/1234","targetHints":{"allow":["GET"]}}],"collection":[{"href":"https:\/\/pupunja.rs\/sr\/wp-json\/wp\/v2\/product"}],"about":[{"href":"https:\/\/pupunja.rs\/sr\/wp-json\/wp\/v2\/types\/product"}],"replies":[{"embeddable":true,"href":"https:\/\/pupunja.rs\/sr\/wp-json\/wp\/v2\/comments?post=1234"}],"wp:featuredmedia":[{"embeddable":true,"href":"https:\/\/pupunja.rs\/sr\/wp-json\/wp\/v2\/media\/1236"}],"wp:attachment":[{"href":"https:\/\/pupunja.rs\/sr\/wp-json\/wp\/v2\/media?parent=1234"}],"wp:term":[{"taxonomy":"product_brand","embeddable":true,"href":"https:\/\/pupunja.rs\/sr\/wp-json\/wp\/v2\/product_brand?post=1234"},{"taxonomy":"product_cat","embeddable":true,"href":"https:\/\/pupunja.rs\/sr\/wp-json\/wp\/v2\/product_cat?post=1234"},{"taxonomy":"product_tag","embeddable":true,"href":"https:\/\/pupunja.rs\/sr\/wp-json\/wp\/v2\/product_tag?post=1234"}],"curies":[{"name":"wp","href":"https:\/\/api.w.org\/{rel}","templated":true}]}}