{"id":1243,"date":"2025-09-12T03:52:31","date_gmt":"2025-09-12T03:52:31","guid":{"rendered":"https:\/\/pupunja.rs\/?post_type=product&#038;p=1243"},"modified":"2025-10-23T01:26:51","modified_gmt":"2025-10-23T01:26:51","slug":"dog-comets-glow-in-the-dark-moon-ball-green","status":"publish","type":"product","link":"https:\/\/pupunja.rs\/sr\/\u043f\u0440\u043e\u0438\u0437\u0432\u043e\u0434\/dog-comets-glow-in-the-dark-moon-ball-green\/","title":{"rendered":"Dog Comets Svetli u mraku Moon Lopta Zelena"},"content":{"rendered":"<p>Lopta Dog Comets Moon pru\u017ea sate zabave, \u010dak i u mraku! To je zato \u0161to providni deo lopte svetli u mraku, \u0161to je \u010dini veoma vidljivom. Savr\u0161ena je tokom mra\u010dnih zimskih dana ili ako \u017eelite da se igrate sa psom kasno noc\u0301u. Ova lopta tako\u0111e pluta na vodi i savr\u0161eno odska\u010de. Pi\u0161taljka u sredini pru\u017ea dodatnu stimulaciju tokom igre.<\/p>\n<p>&nbsp;<\/p>\n<h3>Dimenzije<\/h3>\n<ul>\n<li>S: 5 cm<\/li>\n<li>M: 7,5 cm<\/li>\n<li>L: 10 cm<\/li>\n<\/ul>","protected":false},"excerpt":{"rendered":"<p>Kugla koja svetli u mraku, savr\u0161ena za ve\u010de!<\/p>","protected":false},"featured_media":1250,"comment_status":"open","ping_status":"closed","template":"","meta":[],"product_brand":[99],"product_cat":[78],"product_tag":[100,106],"class_list":{"0":"post-1243","1":"product","2":"type-product","3":"status-publish","4":"has-post-thumbnail","6":"product_brand-dog-comets","7":"product_cat-pet-toy","8":"product_tag-ball","9":"product_tag-glow-in-the-dark","10":"pa_color-glow-in-the-dark","11":"pa_color-green","12":"pa_size-size-l","13":"pa_size-size-m","14":"pa_size-size-s","16":"first","17":"instock","18":"shipping-taxable","19":"purchasable","20":"product-type-variable"},"_links":{"self":[{"href":"https:\/\/pupunja.rs\/sr\/wp-json\/wp\/v2\/product\/1243","targetHints":{"allow":["GET"]}}],"collection":[{"href":"https:\/\/pupunja.rs\/sr\/wp-json\/wp\/v2\/product"}],"about":[{"href":"https:\/\/pupunja.rs\/sr\/wp-json\/wp\/v2\/types\/product"}],"replies":[{"embeddable":true,"href":"https:\/\/pupunja.rs\/sr\/wp-json\/wp\/v2\/comments?post=1243"}],"wp:featuredmedia":[{"embeddable":true,"href":"https:\/\/pupunja.rs\/sr\/wp-json\/wp\/v2\/media\/1250"}],"wp:attachment":[{"href":"https:\/\/pupunja.rs\/sr\/wp-json\/wp\/v2\/media?parent=1243"}],"wp:term":[{"taxonomy":"product_brand","embeddable":true,"href":"https:\/\/pupunja.rs\/sr\/wp-json\/wp\/v2\/product_brand?post=1243"},{"taxonomy":"product_cat","embeddable":true,"href":"https:\/\/pupunja.rs\/sr\/wp-json\/wp\/v2\/product_cat?post=1243"},{"taxonomy":"product_tag","embeddable":true,"href":"https:\/\/pupunja.rs\/sr\/wp-json\/wp\/v2\/product_tag?post=1243"}],"curies":[{"name":"wp","href":"https:\/\/api.w.org\/{rel}","templated":true}]}}