{"id":1269,"date":"2025-09-12T04:20:46","date_gmt":"2025-09-12T04:20:46","guid":{"rendered":"https:\/\/pupunja.rs\/?post_type=product&#038;p=1269"},"modified":"2026-01-28T21:52:24","modified_gmt":"2026-01-28T21:52:24","slug":"dog-comets-moonstone-treat-cube-green","status":"publish","type":"product","link":"https:\/\/pupunja.rs\/sr\/\u043f\u0440\u043e\u0438\u0437\u0432\u043e\u0434\/dog-comets-moonstone-treat-cube-green\/","title":{"rendered":"Dog Comets Moonstone Kocka za poslastice Zelena"},"content":{"rendered":"<p><iframe title=\"Dog Comets - Moonstone\" width=\"500\" height=\"281\" src=\"https:\/\/www.youtube.com\/embed\/cvSVEvpjgP0?feature=oembed\" frameborder=\"0\" allow=\"accelerometer; autoplay; clipboard-write; encrypted-media; gyroscope; picture-in-picture; web-share\" referrerpolicy=\"strict-origin-when-cross-origin\" allowfullscreen><\/iframe><\/p>\n<p><strong>Kvadrat lopte za poslasticu<br \/>\n<\/strong>Ova lopta se savr\u0161eno odbija i tako\u0111e je pogodna za skrivanje svih vrsta poslastica. Va\u0161 pas c\u0301e biti izazvan i fizi\u010dki i mentalno. Sa pi\u0161talicom za dodatnu zabavu u igri.<br \/>\nNapravljeno od izdr\u017eljive gume za dugotrajnu zabavu.<\/p>\n<p>Recommended treat for the toy: <a href=\"https:\/\/pupunja.rs\/sr\/\u043f\u0440\u043e\u0438\u0437\u0432\u043e\u0434\/eddie-semi-most-bone-sweet-mix-200g\/\">Bone Sweet Mix<\/a><\/p>","protected":false},"excerpt":{"rendered":"<p>Ova lopta se savr\u0161eno odbija i tako\u0111e je pogodna za skrivanje svih vrsta poslastica.<\/p>","protected":false},"featured_media":1272,"comment_status":"open","ping_status":"closed","template":"","meta":[],"product_brand":[99],"product_cat":[78],"product_tag":[105],"class_list":{"0":"post-1269","1":"product","2":"type-product","3":"status-publish","4":"has-post-thumbnail","6":"product_brand-dog-comets","7":"product_cat-pet-toy","8":"product_tag-treat-locker","9":"pa_color-black","10":"pa_color-green","11":"pa_size-one-size","13":"first","14":"instock","15":"sale","16":"featured","17":"shipping-taxable","18":"purchasable","19":"product-type-simple"},"_links":{"self":[{"href":"https:\/\/pupunja.rs\/sr\/wp-json\/wp\/v2\/product\/1269","targetHints":{"allow":["GET"]}}],"collection":[{"href":"https:\/\/pupunja.rs\/sr\/wp-json\/wp\/v2\/product"}],"about":[{"href":"https:\/\/pupunja.rs\/sr\/wp-json\/wp\/v2\/types\/product"}],"replies":[{"embeddable":true,"href":"https:\/\/pupunja.rs\/sr\/wp-json\/wp\/v2\/comments?post=1269"}],"wp:featuredmedia":[{"embeddable":true,"href":"https:\/\/pupunja.rs\/sr\/wp-json\/wp\/v2\/media\/1272"}],"wp:attachment":[{"href":"https:\/\/pupunja.rs\/sr\/wp-json\/wp\/v2\/media?parent=1269"}],"wp:term":[{"taxonomy":"product_brand","embeddable":true,"href":"https:\/\/pupunja.rs\/sr\/wp-json\/wp\/v2\/product_brand?post=1269"},{"taxonomy":"product_cat","embeddable":true,"href":"https:\/\/pupunja.rs\/sr\/wp-json\/wp\/v2\/product_cat?post=1269"},{"taxonomy":"product_tag","embeddable":true,"href":"https:\/\/pupunja.rs\/sr\/wp-json\/wp\/v2\/product_tag?post=1269"}],"curies":[{"name":"wp","href":"https:\/\/api.w.org\/{rel}","templated":true}]}}