{"id":1273,"date":"2025-09-12T04:23:39","date_gmt":"2025-09-12T04:23:39","guid":{"rendered":"https:\/\/pupunja.rs\/?post_type=product&#038;p=1273"},"modified":"2026-01-28T21:54:20","modified_gmt":"2026-01-28T21:54:20","slug":"dog-comets-treat-puzzle-orange","status":"publish","type":"product","link":"https:\/\/pupunja.rs\/sr\/\u043f\u0440\u043e\u0438\u0437\u0432\u043e\u0434\/dog-comets-treat-puzzle-orange\/","title":{"rendered":"Dog Comets Treat Puzzle Narand\u017easta"},"content":{"rendered":"<h2>Dog Comets Treat Puzzle<\/h2>\n<p>Ova jedinstvena slagalica sa loptom sastoji se od tri rotirajuc\u0301a dela koja se krec\u0301u nezavisno kako psi ne bi lako postali dosadni. Napunite vrh grickalicama i izazovite pse da izvuku sve poslastice iz slagalice.<\/p>\n<p>Razli\u010diti otvori unutra ote\u017eavaju psima da izvade sve grickalice. I to nije sve: sa svakim pokretom, slagalica sa poslasticama ispu\u0161ta veseli zvuk kikotanja, \u010dinec\u0301i avanturu jo\u0161 zabavnijom. Ova lopta-slagalica je napravljena od \u010dvrste, izdr\u017eljive TPR gume i dizajnirana je da kroz igru razvija mentalne sposobnosti pasa.<\/p>\n<p>Recommended treat for the toy: <a href=\"https:\/\/pupunja.rs\/sr\/\u043f\u0440\u043e\u0438\u0437\u0432\u043e\u0434\/eddie-semi-most-bone-game-200g\/\">Bone Game<\/a> ili <a href=\"https:\/\/pupunja.rs\/sr\/\u043f\u0440\u043e\u0438\u0437\u0432\u043e\u0434\/eddie-semi-most-bone-lamb-200g\/\">Bone Lamb<\/a><\/p>\n<h3>Dimenzije<\/h3>\n<p>10 x 10 cm<\/p>","protected":false},"excerpt":{"rendered":"<p>Izazovna slagalica i dozator poslastica za pametne pse!<\/p>","protected":false},"featured_media":1277,"comment_status":"open","ping_status":"closed","template":"","meta":[],"product_brand":[99],"product_cat":[78],"product_tag":[105],"class_list":{"0":"post-1273","1":"product","2":"type-product","3":"status-publish","4":"has-post-thumbnail","6":"product_brand-dog-comets","7":"product_cat-pet-toy","8":"product_tag-treat-locker","9":"pa_color-black","10":"pa_size-one-size","12":"first","13":"instock","14":"sale","15":"shipping-taxable","16":"purchasable","17":"product-type-simple"},"_links":{"self":[{"href":"https:\/\/pupunja.rs\/sr\/wp-json\/wp\/v2\/product\/1273","targetHints":{"allow":["GET"]}}],"collection":[{"href":"https:\/\/pupunja.rs\/sr\/wp-json\/wp\/v2\/product"}],"about":[{"href":"https:\/\/pupunja.rs\/sr\/wp-json\/wp\/v2\/types\/product"}],"replies":[{"embeddable":true,"href":"https:\/\/pupunja.rs\/sr\/wp-json\/wp\/v2\/comments?post=1273"}],"wp:featuredmedia":[{"embeddable":true,"href":"https:\/\/pupunja.rs\/sr\/wp-json\/wp\/v2\/media\/1277"}],"wp:attachment":[{"href":"https:\/\/pupunja.rs\/sr\/wp-json\/wp\/v2\/media?parent=1273"}],"wp:term":[{"taxonomy":"product_brand","embeddable":true,"href":"https:\/\/pupunja.rs\/sr\/wp-json\/wp\/v2\/product_brand?post=1273"},{"taxonomy":"product_cat","embeddable":true,"href":"https:\/\/pupunja.rs\/sr\/wp-json\/wp\/v2\/product_cat?post=1273"},{"taxonomy":"product_tag","embeddable":true,"href":"https:\/\/pupunja.rs\/sr\/wp-json\/wp\/v2\/product_tag?post=1273"}],"curies":[{"name":"wp","href":"https:\/\/api.w.org\/{rel}","templated":true}]}}