{"id":1282,"date":"2025-09-12T04:33:15","date_gmt":"2025-09-12T04:33:15","guid":{"rendered":"https:\/\/pupunja.rs\/?post_type=product&#038;p=1282"},"modified":"2025-10-25T01:29:13","modified_gmt":"2025-10-25T01:29:13","slug":"dog-comets-meteor-throwing-stick-pink-l","status":"publish","type":"product","link":"https:\/\/pupunja.rs\/sr\/\u043f\u0440\u043e\u0438\u0437\u0432\u043e\u0434\/dog-comets-meteor-throwing-stick-pink-l\/","title":{"rendered":"Dog Comets Meteor \u0160tap za bacanje Roze L"},"content":{"rendered":"<p><iframe title=\"Dog Comets - Meteor\" width=\"500\" height=\"281\" src=\"https:\/\/www.youtube.com\/embed\/p50IhEGhjzM?feature=oembed\" frameborder=\"0\" allow=\"accelerometer; autoplay; clipboard-write; encrypted-media; gyroscope; picture-in-picture; web-share\" referrerpolicy=\"strict-origin-when-cross-origin\" allowfullscreen><\/iframe><\/p>\n<p><strong>Baca\u010dki \u0161tap\u00a0<\/strong><br \/>\nOvaj \u0161tap je napravljen od izdr\u017eljive gume i savr\u0161eno odska\u010de. Materijal \u0161tapa masira desni i podr\u017eava zdravlje zuba. Sa pi\u0161talicom za jo\u0161 vi\u0161e zabave u igri.<\/p>\n<p><strong>Veli\u010dina<br \/>\n<\/strong>S \u2013 23 cm<br \/>\nL \u2013 32 cm<\/p>","protected":false},"excerpt":{"rendered":"<p>Ovaj \u0161tap je napravljen od izdr\u017eljive gume i savr\u0161eno odska\u010de.<\/p>","protected":false},"featured_media":1287,"comment_status":"open","ping_status":"closed","template":"","meta":[],"product_brand":[99],"product_cat":[78],"product_tag":[103],"class_list":{"0":"post-1282","1":"product","2":"type-product","3":"status-publish","4":"has-post-thumbnail","6":"product_brand-dog-comets","7":"product_cat-pet-toy","8":"product_tag-stick","9":"pa_color-pink","10":"pa_size-size-l","12":"first","13":"instock","14":"sale","15":"shipping-taxable","16":"purchasable","17":"product-type-simple"},"_links":{"self":[{"href":"https:\/\/pupunja.rs\/sr\/wp-json\/wp\/v2\/product\/1282","targetHints":{"allow":["GET"]}}],"collection":[{"href":"https:\/\/pupunja.rs\/sr\/wp-json\/wp\/v2\/product"}],"about":[{"href":"https:\/\/pupunja.rs\/sr\/wp-json\/wp\/v2\/types\/product"}],"replies":[{"embeddable":true,"href":"https:\/\/pupunja.rs\/sr\/wp-json\/wp\/v2\/comments?post=1282"}],"wp:featuredmedia":[{"embeddable":true,"href":"https:\/\/pupunja.rs\/sr\/wp-json\/wp\/v2\/media\/1287"}],"wp:attachment":[{"href":"https:\/\/pupunja.rs\/sr\/wp-json\/wp\/v2\/media?parent=1282"}],"wp:term":[{"taxonomy":"product_brand","embeddable":true,"href":"https:\/\/pupunja.rs\/sr\/wp-json\/wp\/v2\/product_brand?post=1282"},{"taxonomy":"product_cat","embeddable":true,"href":"https:\/\/pupunja.rs\/sr\/wp-json\/wp\/v2\/product_cat?post=1282"},{"taxonomy":"product_tag","embeddable":true,"href":"https:\/\/pupunja.rs\/sr\/wp-json\/wp\/v2\/product_tag?post=1282"}],"curies":[{"name":"wp","href":"https:\/\/api.w.org\/{rel}","templated":true}]}}