{"id":1288,"date":"2025-09-12T04:38:38","date_gmt":"2025-09-12T04:38:38","guid":{"rendered":"https:\/\/pupunja.rs\/?post_type=product&#038;p=1288"},"modified":"2025-10-25T01:29:04","modified_gmt":"2025-10-25T01:29:04","slug":"dog-comets-bobber-green","status":"publish","type":"product","link":"https:\/\/pupunja.rs\/sr\/\u043f\u0440\u043e\u0438\u0437\u0432\u043e\u0434\/dog-comets-bobber-green\/","title":{"rendered":"Dog Comets Bobber Zeleni"},"content":{"rendered":"<p><iframe title=\"Dog Comets Bobber\" width=\"500\" height=\"281\" src=\"https:\/\/www.youtube.com\/embed\/-Jd4pBgnYzc?feature=oembed\" frameborder=\"0\" allow=\"accelerometer; autoplay; clipboard-write; encrypted-media; gyroscope; picture-in-picture; web-share\" referrerpolicy=\"strict-origin-when-cross-origin\" allowfullscreen><\/iframe><\/p>\n<h3>Za i protiv<\/h3>\n<div class=\"points\">\n<div class=\"point\"><img decoding=\"async\" src=\"data:image\/svg+xml;base64,PHN2ZyB3aWR0aD0iMTYiIGhlaWdodD0iMTYiIHZpZXdCb3g9IjAgMCAxNiAxNiIgZmlsbD0ibm9uZSIgeG1sbnM9Imh0dHA6Ly93d3cudzMub3JnLzIwMDAvc3ZnIj4KICAgIDxwYXRoIGQ9Ik04IDBDMy41ODQgMCAwIDMuNTg0IDAgOEMwIDEyLjQxNiAzLjU4NCAxNiA4IDE2QzEyLjQxNiAxNiAxNiAxMi40MTYgMTYgOEMxNiAzLjU4NCAxMi40MTYgMCA4IDBaTTEyIDguOEg4LjhWMTJINy4yVjguOEg0VjcuMkg3LjJWNEg4LjhWNy4ySDEyVjguOFoiIGZpbGw9IiMzMjY3MzQiLz4KPC9zdmc+Cg==\" \/>Pluta skoro uspravno u vodi<\/div>\n<div class=\"point\"><img decoding=\"async\" src=\"data:image\/svg+xml;base64,PHN2ZyB3aWR0aD0iMTYiIGhlaWdodD0iMTYiIHZpZXdCb3g9IjAgMCAxNiAxNiIgZmlsbD0ibm9uZSIgeG1sbnM9Imh0dHA6Ly93d3cudzMub3JnLzIwMDAvc3ZnIj4KICAgIDxwYXRoIGQ9Ik04IDBDMy41ODQgMCAwIDMuNTg0IDAgOEMwIDEyLjQxNiAzLjU4NCAxNiA4IDE2QzEyLjQxNiAxNiAxNiAxMi40MTYgMTYgOEMxNiAzLjU4NCAxMi40MTYgMCA4IDBaTTEyIDguOEg4LjhWMTJINy4yVjguOEg0VjcuMkg3LjJWNEg4LjhWNy4ySDEyVjguOFoiIGZpbGw9IiMzMjY3MzQiLz4KPC9zdmc+Cg==\" \/>Neo\u010dekivano odska\u010de<\/div>\n<div class=\"point\"><img decoding=\"async\" src=\"data:image\/svg+xml;base64,PHN2ZyB3aWR0aD0iMTYiIGhlaWdodD0iMTYiIHZpZXdCb3g9IjAgMCAxNiAxNiIgZmlsbD0ibm9uZSIgeG1sbnM9Imh0dHA6Ly93d3cudzMub3JnLzIwMDAvc3ZnIj4KICAgIDxwYXRoIGQ9Ik04IDBDMy41ODQgMCAwIDMuNTg0IDAgOEMwIDEyLjQxNiAzLjU4NCAxNiA4IDE2QzEyLjQxNiAxNiAxNiAxMi40MTYgMTYgOEMxNiAzLjU4NCAxMi40MTYgMCA4IDBaTTEyIDguOEg4LjhWMTJINy4yVjguOEg0VjcuMkg3LjJWNEg4LjhWNy4ySDEyVjguOFoiIGZpbGw9IiMzMjY3MzQiLz4KPC9zdmc+Cg==\" \/>Napravljeno od TPR pene<\/div>\n<\/div>\n<div class=\"product-description\">\n<p>Kosmi\u010dka igra\u010dka za dono\u0161enje od TPR pene za vodu i okolinu! Pokreta\u010d neo\u010dekivano odska\u010de na kopnu i pluta savr\u0161eno uspravno u vodi, za iznena\u0111ujuc\u0301u i optimalnu zabavu tokom igre! Sa prakti\u010dnim kablom za lako bacanje igra\u010dke daleko.<\/p>\n<h3>Dimenzije<\/h3>\n<p>Du\u017eina: 23 cm<br \/>\nPre\u010dnik: 6,2 cm<br \/>\nDu\u017eina \u017eice sa kuglicom: 15,5 cm<br \/>\nPre\u010dnik lopte: 2,9 cm<\/p>\n<\/div>","protected":false},"excerpt":{"rendered":"<p>Kosmi\u010dka igra\u010dka za dono\u0161enje od TPR pene za vodu i okolinu!<\/p>","protected":false},"featured_media":1293,"comment_status":"open","ping_status":"closed","template":"","meta":[],"product_brand":[99],"product_cat":[78],"product_tag":[107],"class_list":{"0":"post-1288","1":"product","2":"type-product","3":"status-publish","4":"has-post-thumbnail","6":"product_brand-dog-comets","7":"product_cat-pet-toy","8":"product_tag-for-water","9":"pa_color-green","10":"pa_size-one-size","12":"first","13":"instock","14":"sale","15":"shipping-taxable","16":"purchasable","17":"product-type-simple"},"_links":{"self":[{"href":"https:\/\/pupunja.rs\/sr\/wp-json\/wp\/v2\/product\/1288","targetHints":{"allow":["GET"]}}],"collection":[{"href":"https:\/\/pupunja.rs\/sr\/wp-json\/wp\/v2\/product"}],"about":[{"href":"https:\/\/pupunja.rs\/sr\/wp-json\/wp\/v2\/types\/product"}],"replies":[{"embeddable":true,"href":"https:\/\/pupunja.rs\/sr\/wp-json\/wp\/v2\/comments?post=1288"}],"wp:featuredmedia":[{"embeddable":true,"href":"https:\/\/pupunja.rs\/sr\/wp-json\/wp\/v2\/media\/1293"}],"wp:attachment":[{"href":"https:\/\/pupunja.rs\/sr\/wp-json\/wp\/v2\/media?parent=1288"}],"wp:term":[{"taxonomy":"product_brand","embeddable":true,"href":"https:\/\/pupunja.rs\/sr\/wp-json\/wp\/v2\/product_brand?post=1288"},{"taxonomy":"product_cat","embeddable":true,"href":"https:\/\/pupunja.rs\/sr\/wp-json\/wp\/v2\/product_cat?post=1288"},{"taxonomy":"product_tag","embeddable":true,"href":"https:\/\/pupunja.rs\/sr\/wp-json\/wp\/v2\/product_tag?post=1288"}],"curies":[{"name":"wp","href":"https:\/\/api.w.org\/{rel}","templated":true}]}}