{"id":1295,"date":"2025-09-12T04:42:37","date_gmt":"2025-09-12T04:42:37","guid":{"rendered":"https:\/\/pupunja.rs\/?post_type=product&#038;p=1295"},"modified":"2026-01-28T21:55:23","modified_gmt":"2026-01-28T21:55:23","slug":"dog-comets-pollux-orange","status":"publish","type":"product","link":"https:\/\/pupunja.rs\/sr\/\u043f\u0440\u043e\u0438\u0437\u0432\u043e\u0434\/dog-comets-pollux-orange\/","title":{"rendered":"Dog Comets Pollux Narand\u017easta"},"content":{"rendered":"<p><iframe title=\"Dog Comets - Pollux &amp; Protostar\" width=\"500\" height=\"281\" src=\"https:\/\/www.youtube.com\/embed\/QrXVZyQ1_6E?feature=oembed\" frameborder=\"0\" allow=\"accelerometer; autoplay; clipboard-write; encrypted-media; gyroscope; picture-in-picture; web-share\" referrerpolicy=\"strict-origin-when-cross-origin\" allowfullscreen><\/iframe><\/p>\n<p><strong>Kocka od prirodnog kau\u010duka<br \/>\n<\/strong>Ova kocka odska\u010de u svim pravcima i veoma je izdr\u017eljiva. Tako\u0111e je veoma pogodna za skrivanje poslastica.<br \/>\nZagarantovana zabava tokom igre.<\/p>\n<ul>\n<li>Odskoci<\/li>\n<li>Sakrivanje poslastica<\/li>\n<li>Izdr\u017eljiv<\/li>\n<\/ul>\n<p><strong>Veli\u010dina<\/strong><br \/>\n5.5 x 5.5 cm<\/p>","protected":false},"excerpt":{"rendered":"<p>Tako\u0111e je veoma pogodno za skrivanje poslastica.<\/p>","protected":false},"featured_media":1297,"comment_status":"open","ping_status":"closed","template":"","meta":[],"product_brand":[99],"product_cat":[78],"product_tag":[105],"class_list":{"0":"post-1295","1":"product","2":"type-product","3":"status-publish","4":"has-post-thumbnail","6":"product_brand-dog-comets","7":"product_cat-pet-toy","8":"product_tag-treat-locker","9":"pa_color-orange","10":"pa_size-one-size","12":"first","13":"instock","14":"sale","15":"shipping-taxable","16":"purchasable","17":"product-type-simple"},"_links":{"self":[{"href":"https:\/\/pupunja.rs\/sr\/wp-json\/wp\/v2\/product\/1295","targetHints":{"allow":["GET"]}}],"collection":[{"href":"https:\/\/pupunja.rs\/sr\/wp-json\/wp\/v2\/product"}],"about":[{"href":"https:\/\/pupunja.rs\/sr\/wp-json\/wp\/v2\/types\/product"}],"replies":[{"embeddable":true,"href":"https:\/\/pupunja.rs\/sr\/wp-json\/wp\/v2\/comments?post=1295"}],"wp:featuredmedia":[{"embeddable":true,"href":"https:\/\/pupunja.rs\/sr\/wp-json\/wp\/v2\/media\/1297"}],"wp:attachment":[{"href":"https:\/\/pupunja.rs\/sr\/wp-json\/wp\/v2\/media?parent=1295"}],"wp:term":[{"taxonomy":"product_brand","embeddable":true,"href":"https:\/\/pupunja.rs\/sr\/wp-json\/wp\/v2\/product_brand?post=1295"},{"taxonomy":"product_cat","embeddable":true,"href":"https:\/\/pupunja.rs\/sr\/wp-json\/wp\/v2\/product_cat?post=1295"},{"taxonomy":"product_tag","embeddable":true,"href":"https:\/\/pupunja.rs\/sr\/wp-json\/wp\/v2\/product_tag?post=1295"}],"curies":[{"name":"wp","href":"https:\/\/api.w.org\/{rel}","templated":true}]}}