{"id":1298,"date":"2025-09-12T04:45:21","date_gmt":"2025-09-12T04:45:21","guid":{"rendered":"https:\/\/pupunja.rs\/?post_type=product&#038;p=1298"},"modified":"2025-10-24T23:05:51","modified_gmt":"2025-10-24T23:05:51","slug":"dog-comets-neutron-star-tennis-ball-with-squeaker-m-green-3-pack","status":"publish","type":"product","link":"https:\/\/pupunja.rs\/sr\/\u043f\u0440\u043e\u0438\u0437\u0432\u043e\u0434\/dog-comets-neutron-star-tennis-ball-with-squeaker-m-green-3-pack\/","title":{"rendered":"Dog Comets Neutron Star Teniska loptica sa pi\u0161talicom M Zelena (3 komada)"},"content":{"rendered":"<h3>Za i protiv<\/h3>\n<div class=\"points\">\n<div class=\"point\"><img decoding=\"async\" src=\"data:image\/svg+xml;base64,PHN2ZyB3aWR0aD0iMTYiIGhlaWdodD0iMTYiIHZpZXdCb3g9IjAgMCAxNiAxNiIgZmlsbD0ibm9uZSIgeG1sbnM9Imh0dHA6Ly93d3cudzMub3JnLzIwMDAvc3ZnIj4KICAgIDxwYXRoIGQ9Ik04IDBDMy41ODQgMCAwIDMuNTg0IDAgOEMwIDEyLjQxNiAzLjU4NCAxNiA4IDE2QzEyLjQxNiAxNiAxNiAxMi40MTYgMTYgOEMxNiAzLjU4NCAxMi40MTYgMCA4IDBaTTEyIDguOEg4LjhWMTJINy4yVjguOEg0VjcuMkg3LjJWNEg4LjhWNy4ySDEyVjguOFoiIGZpbGw9IiMzMjY3MzQiLz4KPC9zdmc+Cg==\" \/>Sa pi\u0161talicom za dodatnu zabavu<\/div>\n<div class=\"point\"><img decoding=\"async\" src=\"data:image\/svg+xml;base64,PHN2ZyB3aWR0aD0iMTYiIGhlaWdodD0iMTYiIHZpZXdCb3g9IjAgMCAxNiAxNiIgZmlsbD0ibm9uZSIgeG1sbnM9Imh0dHA6Ly93d3cudzMub3JnLzIwMDAvc3ZnIj4KICAgIDxwYXRoIGQ9Ik04IDBDMy41ODQgMCAwIDMuNTg0IDAgOEMwIDEyLjQxNiAzLjU4NCAxNiA4IDE2QzEyLjQxNiAxNiAxNiAxMi40MTYgMTYgOEMxNiAzLjU4NCAxMi40MTYgMCA4IDBaTTEyIDguOEg4LjhWMTJINy4yVjguOEg0VjcuMkg3LjJWNEg4LjhWNy4ySDEyVjguOFoiIGZpbGw9IiMzMjY3MzQiLz4KPC9zdmc+Cg==\" \/>Napravljeno od 70% reciklirane prirodne gume<\/div>\n<div class=\"point\"><img decoding=\"async\" src=\"data:image\/svg+xml;base64,PHN2ZyB3aWR0aD0iMTYiIGhlaWdodD0iMTYiIHZpZXdCb3g9IjAgMCAxNiAxNiIgZmlsbD0ibm9uZSIgeG1sbnM9Imh0dHA6Ly93d3cudzMub3JnLzIwMDAvc3ZnIj4KICAgIDxwYXRoIGQ9Ik04IDBDMy41ODQgMCAwIDMuNTg0IDAgOEMwIDEyLjQxNiAzLjU4NCAxNiA4IDE2QzEyLjQxNiAxNiAxNiAxMi40MTYgMTYgOEMxNiAzLjU4NCAxMi40MTYgMCA4IDBaTTEyIDguOEg4LjhWMTJINy4yVjguOEg0VjcuMkg3LjJWNEg4LjhWNy4ySDEyVjguOFoiIGZpbGw9IiMzMjY3MzQiLz4KPC9zdmc+Cg==\" \/>Visoka otpornost na habanje zbog debelog gumenog jezgra<\/div>\n<div class=\"point\"><img decoding=\"async\" src=\"data:image\/svg+xml;base64,PHN2ZyB3aWR0aD0iMTYiIGhlaWdodD0iMTYiIHZpZXdCb3g9IjAgMCAxNiAxNiIgZmlsbD0ibm9uZSIgeG1sbnM9Imh0dHA6Ly93d3cudzMub3JnLzIwMDAvc3ZnIj4KICAgIDxwYXRoIGQ9Ik04IDBDMy41ODQgMCAwIDMuNTg0IDAgOEMwIDEyLjQxNiAzLjU4NCAxNiA4IDE2QzEyLjQxNiAxNiAxNiAxMi40MTYgMTYgOEMxNiAzLjU4NCAxMi40MTYgMCA4IDBaTTEyIDguOEg4LjhWMTJINy4yVjguOEg0VjcuMkg3LjJWNEg4LjhWNy4ySDEyVjguOFoiIGZpbGw9IiMzMjY3MzQiLz4KPC9zdmc+Cg==\" \/>Dobro i visoko ska\u010de<\/div>\n<\/div>\n<div class=\"product-description\">\n<h2>Dog Comets Neutron Star<\/h2>\n<p>Ova izuzetno jaka teniska loptica koja se odbija i visoko odska\u010de je savr\u0161ena za pse koji vole da zabijaju zube u igra\u010dke!<\/p>\n<p>Ova teniska loptica nije bilo koja teniska loptica. Zapravo, loptica ima ekstra debeli gumeni obod, \u0161to je \u010dini prakti\u010dno neuni\u0161tivom. Prirodni filc sa spolja\u0161nje strane je bezbedan za psec\u0301e zube, jer ne izaziva ogrebotine. Loptica je potpuno zape\u010dac\u0301ena, tako da je pi\u0161taljka za\u0161tic\u0301ena od vode i prljav\u0161tine kako bi du\u017ee trajala.<\/p>\n<p>Ova jaka lopta ne samo da dugo traje, vec\u0301 je i odr\u017eiva. To je zato \u0161to je lopta napravljena od rezidualne gume, koja se ina\u010de ne bi koristila.<\/p>\n<h3>Dimenzije<\/h3>\n<p>M: \u00d8 6 cm<\/p>\n<h3>Koristiti u kombinaciji sa:<\/h3>\n<p>M:<strong>\u00a0<\/strong><a href=\"https:\/\/pupunja.rs\/sr\/\u043f\u0440\u043e\u0438\u0437\u0432\u043e\u0434\/dog-comets-launcher-orange-m\/\"><strong>Dog Comets Launcher <\/strong><\/a>ili <strong><a href=\"https:\/\/pupunja.rs\/sr\/\u043f\u0440\u043e\u0438\u0437\u0432\u043e\u0434\/dog-comets-comet-launcher\/\">Dog Comets Launcher (Bazooka)<\/a><\/strong><br \/>\nS and M:<strong>\u00a0<\/strong><a href=\"https:\/\/pupunja.rs\/sr\/\u043f\u0440\u043e\u0438\u0437\u0432\u043e\u0434\/dog-comets-star-launcher-orange\/\"><strong>Dog Comets Star Launcher <\/strong><\/a>ili <a href=\"https:\/\/pupunja.rs\/sr\/\u043f\u0440\u043e\u0438\u0437\u0432\u043e\u0434\/dog-comets-star-launcher\/\"><strong>Dog Comets Star Launcher<\/strong><\/a><\/p>\n<\/div>","protected":false},"excerpt":{"rendered":"<p>Veoma jaka, super visoko odska\u010duc\u0301a teniska loptica sa \u0161kripavcem!<\/p>","protected":false},"featured_media":1299,"comment_status":"open","ping_status":"closed","template":"","meta":[],"product_brand":[99],"product_cat":[78],"product_tag":[100],"class_list":{"0":"post-1298","1":"product","2":"type-product","3":"status-publish","4":"has-post-thumbnail","6":"product_brand-dog-comets","7":"product_cat-pet-toy","8":"product_tag-ball","9":"pa_color-green","10":"pa_size-size-m","12":"first","13":"instock","14":"sale","15":"shipping-taxable","16":"purchasable","17":"product-type-simple"},"_links":{"self":[{"href":"https:\/\/pupunja.rs\/sr\/wp-json\/wp\/v2\/product\/1298","targetHints":{"allow":["GET"]}}],"collection":[{"href":"https:\/\/pupunja.rs\/sr\/wp-json\/wp\/v2\/product"}],"about":[{"href":"https:\/\/pupunja.rs\/sr\/wp-json\/wp\/v2\/types\/product"}],"replies":[{"embeddable":true,"href":"https:\/\/pupunja.rs\/sr\/wp-json\/wp\/v2\/comments?post=1298"}],"wp:featuredmedia":[{"embeddable":true,"href":"https:\/\/pupunja.rs\/sr\/wp-json\/wp\/v2\/media\/1299"}],"wp:attachment":[{"href":"https:\/\/pupunja.rs\/sr\/wp-json\/wp\/v2\/media?parent=1298"}],"wp:term":[{"taxonomy":"product_brand","embeddable":true,"href":"https:\/\/pupunja.rs\/sr\/wp-json\/wp\/v2\/product_brand?post=1298"},{"taxonomy":"product_cat","embeddable":true,"href":"https:\/\/pupunja.rs\/sr\/wp-json\/wp\/v2\/product_cat?post=1298"},{"taxonomy":"product_tag","embeddable":true,"href":"https:\/\/pupunja.rs\/sr\/wp-json\/wp\/v2\/product_tag?post=1298"}],"curies":[{"name":"wp","href":"https:\/\/api.w.org\/{rel}","templated":true}]}}