{"id":1302,"date":"2025-09-12T04:48:44","date_gmt":"2025-09-12T04:48:44","guid":{"rendered":"https:\/\/pupunja.rs\/?post_type=product&#038;p=1302"},"modified":"2025-10-23T01:16:29","modified_gmt":"2025-10-23T01:16:29","slug":"dog-comets-helix-green","status":"publish","type":"product","link":"https:\/\/pupunja.rs\/sr\/\u043f\u0440\u043e\u0438\u0437\u0432\u043e\u0434\/dog-comets-helix-green\/","title":{"rendered":"Dog Comets Helix Green"},"content":{"rendered":"<p><iframe title=\"Dog Comets - Helix (EN)\" width=\"500\" height=\"281\" src=\"https:\/\/www.youtube.com\/embed\/eB3bXIeMvAk?feature=oembed\" frameborder=\"0\" allow=\"accelerometer; autoplay; clipboard-write; encrypted-media; gyroscope; picture-in-picture; web-share\" referrerpolicy=\"strict-origin-when-cross-origin\" allowfullscreen><\/iframe><\/p>\n<h2>Dog Comets Helix<\/h2>\n<p>Ova interaktivna lopta Dog Comets Helix je pogodna za upotrebu u zatvorenom prostoru. Lopta se krec\u0301e sama i proizvodi razli\u010dite \u017eivotinjske zvuke.<br \/>\n\u0160arene zvezdice doprinose zabavi. Lopta ne pravi buku na tvrdom bra\u0161nu zbog TPR premaza sa spolja\u0161nje strane.<\/p>\n<p>Nakon 5 minuta, lopta se prebacuje u re\u017eim pripravnosti i ponovo se uklju\u010duje samo kada se va\u0161 pas igra sa njom.<\/p>\n<p><strong>Punjenje lopte<\/strong><br \/>\nOdvrnite loptu i priklju\u010dite USB kabl. Kada indikatorska lampica postane zelena, lopta je potpuno napunjena i mo\u017ee se koristiti do 60 minuta pre nego \u0161to je potrebno ponovo napuniti.<\/p>\n<ul>\n<li>Interaktivna igra<\/li>\n<li>Sa svetlo\u0161c\u0301u i zvukom<\/li>\n<li>Lako punjenje<\/li>\n<\/ul>","protected":false},"excerpt":{"rendered":"<p>Igrajte se svetlo\u0161c\u0301u i zvukom!<\/p>","protected":false},"featured_media":1318,"comment_status":"open","ping_status":"closed","template":"","meta":[],"product_brand":[99],"product_cat":[78],"product_tag":[100,135],"class_list":{"0":"post-1302","1":"product","2":"type-product","3":"status-publish","4":"has-post-thumbnail","6":"product_brand-dog-comets","7":"product_cat-pet-toy","8":"product_tag-ball","9":"product_tag-interactive","10":"pa_color-green","11":"pa_size-one-size","12":"pa_size-size-m","14":"first","15":"instock","16":"sale","17":"shipping-taxable","18":"purchasable","19":"product-type-simple"},"_links":{"self":[{"href":"https:\/\/pupunja.rs\/sr\/wp-json\/wp\/v2\/product\/1302","targetHints":{"allow":["GET"]}}],"collection":[{"href":"https:\/\/pupunja.rs\/sr\/wp-json\/wp\/v2\/product"}],"about":[{"href":"https:\/\/pupunja.rs\/sr\/wp-json\/wp\/v2\/types\/product"}],"replies":[{"embeddable":true,"href":"https:\/\/pupunja.rs\/sr\/wp-json\/wp\/v2\/comments?post=1302"}],"wp:featuredmedia":[{"embeddable":true,"href":"https:\/\/pupunja.rs\/sr\/wp-json\/wp\/v2\/media\/1318"}],"wp:attachment":[{"href":"https:\/\/pupunja.rs\/sr\/wp-json\/wp\/v2\/media?parent=1302"}],"wp:term":[{"taxonomy":"product_brand","embeddable":true,"href":"https:\/\/pupunja.rs\/sr\/wp-json\/wp\/v2\/product_brand?post=1302"},{"taxonomy":"product_cat","embeddable":true,"href":"https:\/\/pupunja.rs\/sr\/wp-json\/wp\/v2\/product_cat?post=1302"},{"taxonomy":"product_tag","embeddable":true,"href":"https:\/\/pupunja.rs\/sr\/wp-json\/wp\/v2\/product_tag?post=1302"}],"curies":[{"name":"wp","href":"https:\/\/api.w.org\/{rel}","templated":true}]}}