{"id":1327,"date":"2025-09-24T00:39:31","date_gmt":"2025-09-24T00:39:31","guid":{"rendered":"https:\/\/pupunja.rs\/?post_type=product&#038;p=1327"},"modified":"2026-01-28T21:34:03","modified_gmt":"2026-01-28T21:34:03","slug":"afp-interactives-dog-sokudo-puzzle-toy-starter","status":"publish","type":"product","link":"https:\/\/pupunja.rs\/sr\/\u043f\u0440\u043e\u0438\u0437\u0432\u043e\u0434\/afp-interactives-dog-sokudo-puzzle-toy-starter\/","title":{"rendered":"AFP Interactives Dog Sokudo Puzzle Toy Starter"},"content":{"rendered":"<h2>AFP Interactives Dog Sokudo Puzzle Toy Starter<\/h2>\n<p>Izazovite svog psa ovom slagalicom, koja zahteva od va\u0161eg psa da podi\u017ee ili pomera delove kako bi prona\u0161ao grickalice. Ova slagalica stimuli\u0161e prirodne instinkte va\u0161eg psa i poma\u017ee u borbi protiv dosade. Idealna je ako va\u0161 pas u\u017eiva u mentalnoj stimulaciji ili kada treba da ostavite psa samog kod kuc\u0301e na neko vreme.<\/p>\n<h3>Kako se koristi<\/h3>\n<ul>\n<li>Podignite neke delove i stavite grickalice u poslu\u017eavnike.<\/li>\n<li>Zamenite delove i pustite psa da tra\u017ei grickalice.<\/li>\n<\/ul>\n<p>Lako podesite nivo te\u017eine ove slagalice. Izostavite nekoliko delova da biste olak\u0161ali re\u0161avanje slagalice. Va\u0161 pas c\u0301e tada moc\u0301i br\u017ee da se krec\u0301e i podi\u017ee delove.<\/p>\n<p>Recommended treat for the toy: <a href=\"https:\/\/pupunja.rs\/sr\/\u043f\u0440\u043e\u0438\u0437\u0432\u043e\u0434\/eddie-semi-most-bone-game-200g\/\">Bone Game<\/a> ili <a href=\"https:\/\/pupunja.rs\/sr\/\u043f\u0440\u043e\u0438\u0437\u0432\u043e\u0434\/eddie-semi-most-bone-lamb-200g\/\">Bone Lamb<\/a><\/p>","protected":false},"excerpt":{"rendered":"<p>Interaktivna slagalica za pse koja stimuli\u0161e prirodne instinkte.<\/p>","protected":false},"featured_media":1330,"comment_status":"open","ping_status":"closed","template":"","meta":[],"product_brand":[110],"product_cat":[78],"product_tag":[111],"class_list":{"0":"post-1327","1":"product","2":"type-product","3":"status-publish","4":"has-post-thumbnail","6":"product_brand-afp","7":"product_cat-pet-toy","8":"product_tag-puzzle-toy","9":"pa_color-green","10":"pa_size-one-size","12":"first","13":"instock","14":"sale","15":"shipping-taxable","16":"purchasable","17":"product-type-simple"},"_links":{"self":[{"href":"https:\/\/pupunja.rs\/sr\/wp-json\/wp\/v2\/product\/1327","targetHints":{"allow":["GET"]}}],"collection":[{"href":"https:\/\/pupunja.rs\/sr\/wp-json\/wp\/v2\/product"}],"about":[{"href":"https:\/\/pupunja.rs\/sr\/wp-json\/wp\/v2\/types\/product"}],"replies":[{"embeddable":true,"href":"https:\/\/pupunja.rs\/sr\/wp-json\/wp\/v2\/comments?post=1327"}],"wp:featuredmedia":[{"embeddable":true,"href":"https:\/\/pupunja.rs\/sr\/wp-json\/wp\/v2\/media\/1330"}],"wp:attachment":[{"href":"https:\/\/pupunja.rs\/sr\/wp-json\/wp\/v2\/media?parent=1327"}],"wp:term":[{"taxonomy":"product_brand","embeddable":true,"href":"https:\/\/pupunja.rs\/sr\/wp-json\/wp\/v2\/product_brand?post=1327"},{"taxonomy":"product_cat","embeddable":true,"href":"https:\/\/pupunja.rs\/sr\/wp-json\/wp\/v2\/product_cat?post=1327"},{"taxonomy":"product_tag","embeddable":true,"href":"https:\/\/pupunja.rs\/sr\/wp-json\/wp\/v2\/product_tag?post=1327"}],"curies":[{"name":"wp","href":"https:\/\/api.w.org\/{rel}","templated":true}]}}