{"id":1361,"date":"2025-09-27T02:12:42","date_gmt":"2025-09-27T02:12:42","guid":{"rendered":"https:\/\/pupunja.rs\/?post_type=product&#038;p=1361"},"modified":"2025-10-21T17:05:52","modified_gmt":"2025-10-21T17:05:52","slug":"jolly-egg-yellow","status":"publish","type":"product","link":"https:\/\/pupunja.rs\/sr\/\u043f\u0440\u043e\u0438\u0437\u0432\u043e\u0434\/jolly-egg-yellow\/","title":{"rendered":"Jolly Egg \u017duta"},"content":{"rendered":"<p><iframe title=\"Jolly Egg\u2122 by Jolly Pets\u00ae\" width=\"500\" height=\"281\" src=\"https:\/\/www.youtube.com\/embed\/DzI3b072-ck?feature=oembed\" frameborder=\"0\" allow=\"accelerometer; autoplay; clipboard-write; encrypted-media; gyroscope; picture-in-picture; web-share\" referrerpolicy=\"strict-origin-when-cross-origin\" allowfullscreen><\/iframe><\/p>\n<p>Jolly Egg \u201eInteraktivna zabava za va\u0161eg psa\u201c<br \/>\nZbog jedinstvenog oblika, pas ne mo\u017ee da ga uhvati i nikad ne znate gde c\u0301e. Zagarantovani sati zabave.<br \/>\nOtporno na ugrize i plutajuc\u0301e.<\/p>\n<p>Veli\u010dina S: Malo Jolly Egg (20 cm) je za manje pse!<br \/>\nVeli\u010dina L: Veliko Jolly Egg (30 cm) je za vec\u0301e pse!<\/p>\n<p><strong>Prednosti<\/strong><\/p>\n<ul>\n<li>Izuzetno izdr\u017eljiv<\/li>\n<li>Gotovo neuni\u0161tivo<\/li>\n<li>Ne podle\u017ee vremenskim uslovima (toplo\/hladno)<\/li>\n<li>Veli\u010dina S: Te\u017eina 20 cm, veli\u010dina: pribli\u017eno 176 g<\/li>\n<li>Veli\u010dina L: Te\u017eina 30 cm, veli\u010dina: pribli\u017eno 452 g<\/li>\n<\/ul>","protected":false},"excerpt":{"rendered":"<p>Jolly Egg \u201eInteraktivna zabava za va\u0161eg psa\u201c<\/p>","protected":false},"featured_media":1367,"comment_status":"open","ping_status":"closed","template":"","meta":[],"product_brand":[112],"product_cat":[78],"product_tag":[102],"class_list":{"0":"post-1361","1":"product","2":"type-product","3":"status-publish","4":"has-post-thumbnail","6":"product_brand-jolly-pets","7":"product_cat-pet-toy","8":"product_tag-egg","9":"pa_color-yellow","10":"pa_size-size-s","12":"first","13":"instock","14":"sale","15":"shipping-taxable","16":"purchasable","17":"product-type-variable"},"_links":{"self":[{"href":"https:\/\/pupunja.rs\/sr\/wp-json\/wp\/v2\/product\/1361","targetHints":{"allow":["GET"]}}],"collection":[{"href":"https:\/\/pupunja.rs\/sr\/wp-json\/wp\/v2\/product"}],"about":[{"href":"https:\/\/pupunja.rs\/sr\/wp-json\/wp\/v2\/types\/product"}],"replies":[{"embeddable":true,"href":"https:\/\/pupunja.rs\/sr\/wp-json\/wp\/v2\/comments?post=1361"}],"wp:featuredmedia":[{"embeddable":true,"href":"https:\/\/pupunja.rs\/sr\/wp-json\/wp\/v2\/media\/1367"}],"wp:attachment":[{"href":"https:\/\/pupunja.rs\/sr\/wp-json\/wp\/v2\/media?parent=1361"}],"wp:term":[{"taxonomy":"product_brand","embeddable":true,"href":"https:\/\/pupunja.rs\/sr\/wp-json\/wp\/v2\/product_brand?post=1361"},{"taxonomy":"product_cat","embeddable":true,"href":"https:\/\/pupunja.rs\/sr\/wp-json\/wp\/v2\/product_cat?post=1361"},{"taxonomy":"product_tag","embeddable":true,"href":"https:\/\/pupunja.rs\/sr\/wp-json\/wp\/v2\/product_tag?post=1361"}],"curies":[{"name":"wp","href":"https:\/\/api.w.org\/{rel}","templated":true}]}}