{"id":1409,"date":"2025-09-27T03:01:10","date_gmt":"2025-09-27T03:01:10","guid":{"rendered":"https:\/\/pupunja.rs\/?post_type=product&#038;p=1409"},"modified":"2025-10-21T16:42:47","modified_gmt":"2025-10-21T16:42:47","slug":"jolly-bone-m","status":"publish","type":"product","link":"https:\/\/pupunja.rs\/sr\/\u043f\u0440\u043e\u0438\u0437\u0432\u043e\u0434\/jolly-bone-m\/","title":{"rendered":"Jolly Kost L"},"content":{"rendered":"<p><iframe title=\"Jolly Bone\u2122 by Jolly Pets\u00ae\" width=\"500\" height=\"281\" src=\"https:\/\/www.youtube.com\/embed\/lr3PZIjzSO8?feature=oembed\" frameborder=\"0\" allow=\"accelerometer; autoplay; clipboard-write; encrypted-media; gyroscope; picture-in-picture; web-share\" referrerpolicy=\"strict-origin-when-cross-origin\" allowfullscreen><\/iframe><\/p>\n<p><strong>Garantovano za moc\u0301ne \u017evaka\u010de!\u00a0<\/strong><br \/>\nOva izdr\u017eljiva kost mo\u017ee se istezati, uvijati, \u017evakati, \u010dupati i odbijati, ali se neprestano vrac\u0301a u svoj prvobitni oblik. \u010cak i LEBDI!<\/p>\n<p><strong>Sadr\u017ei atraktivan miris vanile.\u00a0<\/strong><\/p>\n<p><strong>Veli\u010dina\u00a0<\/strong><br \/>\nS &#8211; 15 cm<br \/>\nM &#8211; 20 cm<br \/>\nL &#8211; 22 cm<\/p>","protected":false},"excerpt":{"rendered":"<p>Garantovano za moc\u0301ne \u017evaka\u010de!<\/p>","protected":false},"featured_media":1412,"comment_status":"open","ping_status":"closed","template":"","meta":[],"product_brand":[112],"product_cat":[78],"product_tag":[120,103],"class_list":{"0":"post-1409","1":"product","2":"type-product","3":"status-publish","4":"has-post-thumbnail","6":"product_brand-jolly-pets","7":"product_cat-pet-toy","8":"product_tag-bone","9":"product_tag-stick","10":"pa_color-orange","11":"pa_size-size-l","13":"first","14":"instock","15":"sale","16":"shipping-taxable","17":"purchasable","18":"product-type-simple"},"_links":{"self":[{"href":"https:\/\/pupunja.rs\/sr\/wp-json\/wp\/v2\/product\/1409","targetHints":{"allow":["GET"]}}],"collection":[{"href":"https:\/\/pupunja.rs\/sr\/wp-json\/wp\/v2\/product"}],"about":[{"href":"https:\/\/pupunja.rs\/sr\/wp-json\/wp\/v2\/types\/product"}],"replies":[{"embeddable":true,"href":"https:\/\/pupunja.rs\/sr\/wp-json\/wp\/v2\/comments?post=1409"}],"wp:featuredmedia":[{"embeddable":true,"href":"https:\/\/pupunja.rs\/sr\/wp-json\/wp\/v2\/media\/1412"}],"wp:attachment":[{"href":"https:\/\/pupunja.rs\/sr\/wp-json\/wp\/v2\/media?parent=1409"}],"wp:term":[{"taxonomy":"product_brand","embeddable":true,"href":"https:\/\/pupunja.rs\/sr\/wp-json\/wp\/v2\/product_brand?post=1409"},{"taxonomy":"product_cat","embeddable":true,"href":"https:\/\/pupunja.rs\/sr\/wp-json\/wp\/v2\/product_cat?post=1409"},{"taxonomy":"product_tag","embeddable":true,"href":"https:\/\/pupunja.rs\/sr\/wp-json\/wp\/v2\/product_tag?post=1409"}],"curies":[{"name":"wp","href":"https:\/\/api.w.org\/{rel}","templated":true}]}}