{"id":1413,"date":"2025-09-27T03:09:01","date_gmt":"2025-09-27T03:09:01","guid":{"rendered":"https:\/\/pupunja.rs\/?post_type=product&#038;p=1413"},"modified":"2025-10-21T16:41:24","modified_gmt":"2025-10-21T16:41:24","slug":"jolly-tree-tugger","status":"publish","type":"product","link":"https:\/\/pupunja.rs\/sr\/\u043f\u0440\u043e\u0438\u0437\u0432\u043e\u0434\/jolly-tree-tugger\/","title":{"rendered":"Jolly Tree Tugger"},"content":{"rendered":"<p><iframe title=\"Tree Tugger\u2122 by Jolly Pets\u00ae\" width=\"500\" height=\"281\" src=\"https:\/\/www.youtube.com\/embed\/2ggJUEa4HEU?feature=oembed\" frameborder=\"0\" allow=\"accelerometer; autoplay; clipboard-write; encrypted-media; gyroscope; picture-in-picture; web-share\" referrerpolicy=\"strict-origin-when-cross-origin\" allowfullscreen><\/iframe><\/p>\n<h2>Jolly Tree tugger<\/h2>\n<p>Odli\u010dna igra\u010dka za pse. Mogu se zabavljati satima sa ovom igra\u010dkom.<\/p>\n<p>Prebacite gumenu traku preko grane drveta i gledajte kako se va\u0161 pas zabavlja satima ska\u010duc\u0301i, ljuljajuc\u0301i se i vukuc\u0301i loptu.<br \/>\nMo\u017ee se oka\u010diti na razli\u010ditim visinama, tako da je pogodan za svakog psa.<\/p>\n<p>Pakovanje sadr\u017ei konopac, elasti\u010dnu traku i loptu koje se mogu pri\u010dvrstiti jedna za drugu.<\/p>","protected":false},"excerpt":{"rendered":"<p>Idealno za solo igru!<\/p>","protected":false},"featured_media":1415,"comment_status":"open","ping_status":"closed","template":"","meta":[],"product_brand":[112],"product_cat":[78],"product_tag":[122],"class_list":{"0":"post-1413","1":"product","2":"type-product","3":"status-publish","4":"has-post-thumbnail","6":"product_brand-jolly-pets","7":"product_cat-pet-toy","8":"product_tag-tree-tugger","9":"pa_color-green","10":"pa_size-one-size","12":"first","13":"instock","14":"sale","15":"shipping-taxable","16":"purchasable","17":"product-type-simple"},"_links":{"self":[{"href":"https:\/\/pupunja.rs\/sr\/wp-json\/wp\/v2\/product\/1413","targetHints":{"allow":["GET"]}}],"collection":[{"href":"https:\/\/pupunja.rs\/sr\/wp-json\/wp\/v2\/product"}],"about":[{"href":"https:\/\/pupunja.rs\/sr\/wp-json\/wp\/v2\/types\/product"}],"replies":[{"embeddable":true,"href":"https:\/\/pupunja.rs\/sr\/wp-json\/wp\/v2\/comments?post=1413"}],"wp:featuredmedia":[{"embeddable":true,"href":"https:\/\/pupunja.rs\/sr\/wp-json\/wp\/v2\/media\/1415"}],"wp:attachment":[{"href":"https:\/\/pupunja.rs\/sr\/wp-json\/wp\/v2\/media?parent=1413"}],"wp:term":[{"taxonomy":"product_brand","embeddable":true,"href":"https:\/\/pupunja.rs\/sr\/wp-json\/wp\/v2\/product_brand?post=1413"},{"taxonomy":"product_cat","embeddable":true,"href":"https:\/\/pupunja.rs\/sr\/wp-json\/wp\/v2\/product_cat?post=1413"},{"taxonomy":"product_tag","embeddable":true,"href":"https:\/\/pupunja.rs\/sr\/wp-json\/wp\/v2\/product_tag?post=1413"}],"curies":[{"name":"wp","href":"https:\/\/api.w.org\/{rel}","templated":true}]}}