{"id":1425,"date":"2025-09-30T04:13:28","date_gmt":"2025-09-30T04:13:28","guid":{"rendered":"https:\/\/pupunja.rs\/?post_type=product&#038;p=1425"},"modified":"2026-01-28T21:39:45","modified_gmt":"2026-01-28T21:39:45","slug":"pawise-dog-smart-toy","status":"publish","type":"product","link":"https:\/\/pupunja.rs\/sr\/\u043f\u0440\u043e\u0438\u0437\u0432\u043e\u0434\/pawise-dog-smart-toy\/","title":{"rendered":"Pawise Dog Smart Toy"},"content":{"rendered":"<h2>Pawise Dog Smart Toy<\/h2>\n<p>Dresirajte i zabavite svog psa uz Pawise Dog Smart Toy! Ovaj interaktivni dreser izaziva va\u0161eg psa da koristi nju\u0161ku i istra\u017euje. Sakrivanjem poslastica u svakom odeljku i pomeranjem delova, nau\u010dic\u0301ete psa da koristi nju\u0161ku za otkrivanje i osvajanje svih poslastica. Pru\u017eanje svakodnevnih mentalnih izazova poma\u017ee va\u0161em psu da se fokusira i reguli\u0161e energiju, spre\u010davajuc\u0301i hiperaktivnost ili ne\u017eeljeno pona\u0161anje usled dosade. Po\u0161to je Pawise Dog Smart Toy napravljena od laganog i \u010dvrstog materijala, lako se \u010disti nakon toga.<\/p>\n<p><em>Imajte na umu da nijedna divlja\u010d nije neuni\u0161tiva. Spre\u010dite o\u0161tec\u0301enja tako \u0161to c\u0301ete ukloniti dreser \u010dim va\u0161 pas prona\u0111e sve poslastice ili po\u010dne da ih grize.<\/em><\/p>\n<p>Recommended treat for the toy: <a href=\"https:\/\/pupunja.rs\/sr\/\u043f\u0440\u043e\u0438\u0437\u0432\u043e\u0434\/eddie-semi-most-bone-game-200g\/\">Bone Game<\/a> ili <a href=\"https:\/\/pupunja.rs\/sr\/\u043f\u0440\u043e\u0438\u0437\u0432\u043e\u0434\/eddie-semi-most-bone-lamb-200g\/\">Bone Lamb<\/a><\/p>","protected":false},"excerpt":{"rendered":"<p>Nau\u010dite svog psa da istra\u017euje!<\/p>","protected":false},"featured_media":1426,"comment_status":"open","ping_status":"closed","template":"","meta":[],"product_brand":[123],"product_cat":[78],"product_tag":[111],"class_list":{"0":"post-1425","1":"product","2":"type-product","3":"status-publish","4":"has-post-thumbnail","6":"product_brand-pawise","7":"product_cat-pet-toy","8":"product_tag-puzzle-toy","9":"pa_color-green","10":"pa_size-one-size","12":"first","13":"instock","14":"sale","15":"shipping-taxable","16":"purchasable","17":"product-type-simple"},"_links":{"self":[{"href":"https:\/\/pupunja.rs\/sr\/wp-json\/wp\/v2\/product\/1425","targetHints":{"allow":["GET"]}}],"collection":[{"href":"https:\/\/pupunja.rs\/sr\/wp-json\/wp\/v2\/product"}],"about":[{"href":"https:\/\/pupunja.rs\/sr\/wp-json\/wp\/v2\/types\/product"}],"replies":[{"embeddable":true,"href":"https:\/\/pupunja.rs\/sr\/wp-json\/wp\/v2\/comments?post=1425"}],"wp:featuredmedia":[{"embeddable":true,"href":"https:\/\/pupunja.rs\/sr\/wp-json\/wp\/v2\/media\/1426"}],"wp:attachment":[{"href":"https:\/\/pupunja.rs\/sr\/wp-json\/wp\/v2\/media?parent=1425"}],"wp:term":[{"taxonomy":"product_brand","embeddable":true,"href":"https:\/\/pupunja.rs\/sr\/wp-json\/wp\/v2\/product_brand?post=1425"},{"taxonomy":"product_cat","embeddable":true,"href":"https:\/\/pupunja.rs\/sr\/wp-json\/wp\/v2\/product_cat?post=1425"},{"taxonomy":"product_tag","embeddable":true,"href":"https:\/\/pupunja.rs\/sr\/wp-json\/wp\/v2\/product_tag?post=1425"}],"curies":[{"name":"wp","href":"https:\/\/api.w.org\/{rel}","templated":true}]}}