{"id":1478,"date":"2025-10-23T17:35:41","date_gmt":"2025-10-23T17:35:41","guid":{"rendered":"https:\/\/pupunja.rs\/?post_type=product&#038;p=1478"},"modified":"2025-10-23T17:36:44","modified_gmt":"2025-10-23T17:36:44","slug":"dog-comets-star-launcher-orange","status":"publish","type":"product","link":"https:\/\/pupunja.rs\/sr\/\u043f\u0440\u043e\u0438\u0437\u0432\u043e\u0434\/dog-comets-star-launcher-orange\/","title":{"rendered":"Dog Comets Star Launcher Orange"},"content":{"rendered":"<p><iframe title=\"Dog Comets - Star Launcher\" width=\"500\" height=\"281\" src=\"https:\/\/www.youtube.com\/embed\/lxnte5c1sSA?feature=oembed\" frameborder=\"0\" allow=\"accelerometer; autoplay; clipboard-write; encrypted-media; gyroscope; picture-in-picture; web-share\" referrerpolicy=\"strict-origin-when-cross-origin\" allowfullscreen><\/iframe><\/p>\n<p><strong>Igranje \u201ehvataj i donesi\u201c sa va\u0161im psom nikada ranije nije bilo zabavnije!<br \/>\n<\/strong>Zbog svog jedinstvenog dizajna, ovaj baca\u010d c\u0301e baciti loptu 3 puta dalje od drugih baca\u010da\u010da, a tako\u0111e, lopta se mo\u017ee podic\u0301i bez upotrebe ruku. Uz malo truda, lopta se mo\u017ee baciti do 60 metara! Pogodan je za bacanje iznad i odozgo. Zbog protivkliznog premaza, baca\u010d ne klizi iz ruke i zahvaljujuc\u0301i kablu se lako mo\u017ee pri\u010dvrstiti za zglob.<\/p>\n<p>Prljave ruke su od sada pro\u0161lost. Zbog svog jedinstvenog dizajna, lopta se mo\u017ee podic\u0301i sa zemlje bez dodirivanja. Dog Comets Star Shooter je pogodan za lopte veli\u010dine 6 cm ili manje. Dog Komets Star \u0160uter je veoma izdr\u017eljiv. Napravljen je od jake plastike, od koje se proizvode i branici za automobile i kacige.<\/p>\n<p><strong>Materijal<br \/>\n<\/strong>Shooter: ABS<br \/>\nGumeni premaz: S-RS (FXS-A).<\/p>\n<p><strong>Colour<\/strong><br \/>\nZelena<\/p>\n<p><strong>Veli\u010dina<\/strong><br \/>\nDu\u017eina: 58 cm<br \/>\nVeli\u010dina lopte: M (\u00f8 6 cm)<br \/>\nSve srednje loptice (i manje) kao \u0161to su \u00a0<a href=\"https:\/\/webshop.hofmananimalcare.nl\/en\/product\/search?q=dog+stardus\">the Dog Comets Stardust balls<\/a>.<\/p>","protected":false},"excerpt":{"rendered":"<p>Ovaj lanser c\u0301e baciti loptu 3 puta dalje od ostalih lansera.<\/p>","protected":false},"featured_media":1204,"comment_status":"open","ping_status":"closed","template":"","meta":[],"product_brand":[99],"product_cat":[78],"product_tag":[101],"class_list":{"0":"post-1478","1":"product","2":"type-product","3":"status-publish","4":"has-post-thumbnail","6":"product_brand-dog-comets","7":"product_cat-pet-toy","8":"product_tag-launcher","9":"pa_color-orange","10":"pa_color-green","11":"pa_color-pink","12":"pa_size-size-m","14":"first","15":"instock","16":"sale","17":"featured","18":"shipping-taxable","19":"purchasable","20":"product-type-simple"},"_links":{"self":[{"href":"https:\/\/pupunja.rs\/sr\/wp-json\/wp\/v2\/product\/1478","targetHints":{"allow":["GET"]}}],"collection":[{"href":"https:\/\/pupunja.rs\/sr\/wp-json\/wp\/v2\/product"}],"about":[{"href":"https:\/\/pupunja.rs\/sr\/wp-json\/wp\/v2\/types\/product"}],"replies":[{"embeddable":true,"href":"https:\/\/pupunja.rs\/sr\/wp-json\/wp\/v2\/comments?post=1478"}],"wp:featuredmedia":[{"embeddable":true,"href":"https:\/\/pupunja.rs\/sr\/wp-json\/wp\/v2\/media\/1204"}],"wp:attachment":[{"href":"https:\/\/pupunja.rs\/sr\/wp-json\/wp\/v2\/media?parent=1478"}],"wp:term":[{"taxonomy":"product_brand","embeddable":true,"href":"https:\/\/pupunja.rs\/sr\/wp-json\/wp\/v2\/product_brand?post=1478"},{"taxonomy":"product_cat","embeddable":true,"href":"https:\/\/pupunja.rs\/sr\/wp-json\/wp\/v2\/product_cat?post=1478"},{"taxonomy":"product_tag","embeddable":true,"href":"https:\/\/pupunja.rs\/sr\/wp-json\/wp\/v2\/product_tag?post=1478"}],"curies":[{"name":"wp","href":"https:\/\/api.w.org\/{rel}","templated":true}]}}