{"id":1480,"date":"2025-10-23T17:43:49","date_gmt":"2025-10-23T17:43:49","guid":{"rendered":"https:\/\/pupunja.rs\/?post_type=product&#038;p=1480"},"modified":"2025-10-23T17:46:57","modified_gmt":"2025-10-23T17:46:57","slug":"jolly-push-n-play-blue-l-25-cm","status":"publish","type":"product","link":"https:\/\/pupunja.rs\/sr\/\u043f\u0440\u043e\u0438\u0437\u0432\u043e\u0434\/jolly-push-n-play-blue-l-25-cm\/","title":{"rendered":"Jolly Push-n-Play Plava L (25 cm)"},"content":{"rendered":"<p><iframe title=\"Push-N-Play\u2122 by Jolly Pets\u00ae\" width=\"500\" height=\"281\" src=\"https:\/\/www.youtube.com\/embed\/p7tNQShWKkY?feature=oembed\" frameborder=\"0\" allow=\"accelerometer; autoplay; clipboard-write; encrypted-media; gyroscope; picture-in-picture; web-share\" referrerpolicy=\"strict-origin-when-cross-origin\" allowfullscreen><\/iframe><\/p>\n<p><strong>Prakti\u010dno neuni\u0161tiva, glatka Jolly Lopta<\/strong>.<br \/>\nJolly Lopta \u201cPush-n-Play\u201d je prakti\u010dno neuni\u0161tiva. Kombinacija polietilena otpornog na ugrize i glatke zavr\u0161ne obrade \u010dini Jolly loptu idealnom za pse koji sve uni\u0161tavaju. Jolly lopta od 25 cm, gubi i igraj i 35 cm, mo\u017ee se napuniti peskom ili vodom za jo\u0161 vi\u0161e zabave!<\/p>\n<p>Push-n-Play je napravljen za u\u017eivanje svih psec\u0301ih pratilaca.<br \/>\nOva lopta je napravljena od izdr\u017eljive plastike visoke gustine i dostupna je u nekoliko veli\u010dina.<br \/>\nVec\u0301e, od 25 cm i 35 cm, mogu se napuniti vodom, peskom ili \u0161ljunkom.<\/p>","protected":false},"excerpt":{"rendered":"<p>The practically indestructible, smooth Jolly Ball. Jolly Ball &#8220;Push-n-Play&#8221; is practically indestructible. The combination of bite resistant polyethylene and smooth finish makes the Jolly Ball ideal for dogs who destroy everything. Jolly Ball 25cm Push-n-Play and 35 cm can be filled with sand or water for even more fun! The&#8230;<\/p>","protected":false},"featured_media":1481,"comment_status":"open","ping_status":"closed","template":"","meta":[],"product_brand":[112],"product_cat":[78],"product_tag":[100],"class_list":{"0":"post-1480","1":"product","2":"type-product","3":"status-publish","4":"has-post-thumbnail","6":"product_brand-jolly-pets","7":"product_cat-pet-toy","8":"product_tag-ball","9":"pa_size-xl","11":"first","12":"instock","13":"sale","14":"shipping-taxable","15":"purchasable","16":"product-type-simple"},"_links":{"self":[{"href":"https:\/\/pupunja.rs\/sr\/wp-json\/wp\/v2\/product\/1480","targetHints":{"allow":["GET"]}}],"collection":[{"href":"https:\/\/pupunja.rs\/sr\/wp-json\/wp\/v2\/product"}],"about":[{"href":"https:\/\/pupunja.rs\/sr\/wp-json\/wp\/v2\/types\/product"}],"replies":[{"embeddable":true,"href":"https:\/\/pupunja.rs\/sr\/wp-json\/wp\/v2\/comments?post=1480"}],"wp:featuredmedia":[{"embeddable":true,"href":"https:\/\/pupunja.rs\/sr\/wp-json\/wp\/v2\/media\/1481"}],"wp:attachment":[{"href":"https:\/\/pupunja.rs\/sr\/wp-json\/wp\/v2\/media?parent=1480"}],"wp:term":[{"taxonomy":"product_brand","embeddable":true,"href":"https:\/\/pupunja.rs\/sr\/wp-json\/wp\/v2\/product_brand?post=1480"},{"taxonomy":"product_cat","embeddable":true,"href":"https:\/\/pupunja.rs\/sr\/wp-json\/wp\/v2\/product_cat?post=1480"},{"taxonomy":"product_tag","embeddable":true,"href":"https:\/\/pupunja.rs\/sr\/wp-json\/wp\/v2\/product_tag?post=1480"}],"curies":[{"name":"wp","href":"https:\/\/api.w.org\/{rel}","templated":true}]}}