{"id":1496,"date":"2025-10-23T22:29:47","date_gmt":"2025-10-23T22:29:47","guid":{"rendered":"https:\/\/pupunja.rs\/?post_type=product&#038;p=1496"},"modified":"2025-10-25T01:26:39","modified_gmt":"2025-10-25T01:26:39","slug":"dog-comets-stardust-ball-green","status":"publish","type":"product","link":"https:\/\/pupunja.rs\/sr\/\u043f\u0440\u043e\u0438\u0437\u0432\u043e\u0434\/dog-comets-stardust-ball-green\/","title":{"rendered":"Dog Comets Stardust Lopta Zelena"},"content":{"rendered":"<p><iframe title=\"Dog Comets Stardust\" width=\"500\" height=\"281\" src=\"https:\/\/www.youtube.com\/embed\/EUVNSBlMAB8?feature=oembed\" frameborder=\"0\" allow=\"accelerometer; autoplay; clipboard-write; encrypted-media; gyroscope; picture-in-picture; web-share\" referrerpolicy=\"strict-origin-when-cross-origin\" allowfullscreen><\/iframe><\/p>\n<p>Vi\u0161e od 1.000.000 svetlosnih godina daleko od nas, daleko u svemiru, ova kometa je stvorena da va\u0161em psu pru\u017ei maksimalno zadovoljstvo u aportiranju.<\/p>\n<h3>Koristiti u kombinaciji sa:<\/h3>\n<p>Stardust M:<strong>\u00a0<\/strong><a href=\"https:\/\/pupunja.rs\/sr\/\u043f\u0440\u043e\u0438\u0437\u0432\u043e\u0434\/dog-comets-launcher-orange-m\/\"><strong>Dog Comets Launcher<\/strong><\/a><br \/>\nStardust S and M:<strong>\u00a0<\/strong><a href=\"https:\/\/pupunja.rs\/sr\/\u043f\u0440\u043e\u0438\u0437\u0432\u043e\u0434\/dog-comets-star-launcher-orange\/\"><strong>Dog Comets Star Launcher <\/strong><\/a>ili <a href=\"https:\/\/pupunja.rs\/sr\/\u043f\u0440\u043e\u0438\u0437\u0432\u043e\u0434\/dog-comets-star-launcher\/\"><strong>Dog Comets Star Launcher<\/strong><\/a><\/p>\n<h3>Veli\u010dina<\/h3>\n<p>S: 5 cm<br \/>\nM: 6 cm<br \/>\nL: 7.5 cm<\/p>","protected":false},"excerpt":{"rendered":"<p>Lopta od prirodne gume koja savr\u0161eno odska\u010de, pluta na vodi i izuzetno je izdr\u017eljiva. Napravljena od 100% prirodne gume i laka za \u010di\u0161c\u0301enje.<\/p>","protected":false},"featured_media":1498,"comment_status":"open","ping_status":"closed","template":"","meta":[],"product_brand":[99],"product_cat":[78],"product_tag":[100],"class_list":{"0":"post-1496","1":"product","2":"type-product","3":"status-publish","4":"has-post-thumbnail","6":"product_brand-dog-comets","7":"product_cat-pet-toy","8":"product_tag-ball","10":"first","11":"instock","12":"sale","13":"featured","14":"shipping-taxable","15":"purchasable","16":"product-type-variable"},"_links":{"self":[{"href":"https:\/\/pupunja.rs\/sr\/wp-json\/wp\/v2\/product\/1496","targetHints":{"allow":["GET"]}}],"collection":[{"href":"https:\/\/pupunja.rs\/sr\/wp-json\/wp\/v2\/product"}],"about":[{"href":"https:\/\/pupunja.rs\/sr\/wp-json\/wp\/v2\/types\/product"}],"replies":[{"embeddable":true,"href":"https:\/\/pupunja.rs\/sr\/wp-json\/wp\/v2\/comments?post=1496"}],"wp:featuredmedia":[{"embeddable":true,"href":"https:\/\/pupunja.rs\/sr\/wp-json\/wp\/v2\/media\/1498"}],"wp:attachment":[{"href":"https:\/\/pupunja.rs\/sr\/wp-json\/wp\/v2\/media?parent=1496"}],"wp:term":[{"taxonomy":"product_brand","embeddable":true,"href":"https:\/\/pupunja.rs\/sr\/wp-json\/wp\/v2\/product_brand?post=1496"},{"taxonomy":"product_cat","embeddable":true,"href":"https:\/\/pupunja.rs\/sr\/wp-json\/wp\/v2\/product_cat?post=1496"},{"taxonomy":"product_tag","embeddable":true,"href":"https:\/\/pupunja.rs\/sr\/wp-json\/wp\/v2\/product_tag?post=1496"}],"curies":[{"name":"wp","href":"https:\/\/api.w.org\/{rel}","templated":true}]}}